{"id":3918,"date":"2025-05-30T21:38:11","date_gmt":"2025-05-31T00:38:11","guid":{"rendered":"https:\/\/vohnabrindes.com.br\/?post_type=product&#038;p=3918"},"modified":"2025-05-30T21:38:12","modified_gmt":"2025-05-31T00:38:12","slug":"carregador-powerbank-personalizado","status":"publish","type":"product","link":"https:\/\/vohnabrindes.com.br\/index.php\/product\/carregador-powerbank-personalizado\/","title":{"rendered":"Carregador PowerBank personalizado."},"content":{"rendered":"<div class=\"ref\">57909-FITCH ECO.<\/div>\n<div class=\"ref\"><\/div>\n<div class=\"texto\">Bateria port\u00e1til com carregador wireless em bambu. Bateria de l\u00edtio com capacidade de 5.000mAh e tempo de vida \u2265 500 ciclos. Cont\u00e9m entrada\/sa\u00edda de 5V\/2A, indicador de carga, 1 porta micro USB, 1 porta USB tipo C e 1 porta USB. Pot\u00eancia de sa\u00edda wireless, no m\u00e1ximo, de 5W. Incluso cabo USB \/ micro USB para carregar. Compat\u00edvel com smartphones com tecnologia de carregamento sem fios. Fornecido em caixa presente de papel kraft. 140 x 70 x 12 mm<\/div>\n","protected":false},"excerpt":{"rendered":"<p>57909-FITCH ECO. Bateria port\u00e1til com carregador wireless em bambu. Bateria de l\u00edtio com capacidade de 5.000mAh e tempo de vida \u2265 500 ciclos. Cont\u00e9m entrada\/sa\u00edda de<span class=\"excerpt-hellip\"> [\u2026]<\/span><\/p>\n","protected":false},"featured_media":458,"comment_status":"open","ping_status":"closed","template":"","meta":[],"product_cat":[125,126],"product_tag":[127,128],"class_list":["post-3918","product","type-product","status-publish","has-post-thumbnail","hentry","product_cat-carregadores-powerbank","product_cat-linha-ecologica","product_tag-bateria-portatil-com-carregador-wireless-em-bambu","product_tag-carregador-power-bank-personalizado"],"_links":{"self":[{"href":"https:\/\/vohnabrindes.com.br\/index.php\/wp-json\/wp\/v2\/product\/3918","targetHints":{"allow":["GET"]}}],"collection":[{"href":"https:\/\/vohnabrindes.com.br\/index.php\/wp-json\/wp\/v2\/product"}],"about":[{"href":"https:\/\/vohnabrindes.com.br\/index.php\/wp-json\/wp\/v2\/types\/product"}],"replies":[{"embeddable":true,"href":"https:\/\/vohnabrindes.com.br\/index.php\/wp-json\/wp\/v2\/comments?post=3918"}],"version-history":[{"count":1,"href":"https:\/\/vohnabrindes.com.br\/index.php\/wp-json\/wp\/v2\/product\/3918\/revisions"}],"predecessor-version":[{"id":3948,"href":"https:\/\/vohnabrindes.com.br\/index.php\/wp-json\/wp\/v2\/product\/3918\/revisions\/3948"}],"wp:featuredmedia":[{"embeddable":true,"href":"https:\/\/vohnabrindes.com.br\/index.php\/wp-json\/wp\/v2\/media\/458"}],"wp:attachment":[{"href":"https:\/\/vohnabrindes.com.br\/index.php\/wp-json\/wp\/v2\/media?parent=3918"}],"wp:term":[{"taxonomy":"product_cat","embeddable":true,"href":"https:\/\/vohnabrindes.com.br\/index.php\/wp-json\/wp\/v2\/product_cat?post=3918"},{"taxonomy":"product_tag","embeddable":true,"href":"https:\/\/vohnabrindes.com.br\/index.php\/wp-json\/wp\/v2\/product_tag?post=3918"}],"curies":[{"name":"wp","href":"https:\/\/api.w.org\/{rel}","templated":true}]}}