{"id":3928,"date":"2025-05-30T21:38:11","date_gmt":"2025-05-31T00:38:11","guid":{"rendered":"https:\/\/vohnabrindes.com.br\/?post_type=product&#038;p=3928"},"modified":"2025-05-30T21:38:15","modified_gmt":"2025-05-31T00:38:15","slug":"bloco-de-anotacoes-adesivados-personalizados","status":"publish","type":"product","link":"https:\/\/vohnabrindes.com.br\/index.php\/product\/bloco-de-anotacoes-adesivados-personalizados\/","title":{"rendered":"Bloco de anota\u00e7\u00f5es adesivados personalizados."},"content":{"rendered":"<div class=\"ref\">93791-COOPER.<\/div>\n<div class=\"texto\">Bloco de anota\u00e7\u00f5es contendo: 6 blocos adesivados com 25 folhas cada.<\/div>\n<div class=\"texto\">Incluso caderno com 50 folhas lisas e esferogr\u00e1fica em papel kraft.<\/div>\n<div class=\"texto\">dimens\u00f5es: 100 x 150 mm<\/div>\n<div>cor: preto, azul ou kraft<\/div>\n","protected":false},"excerpt":{"rendered":"<p>93791-COOPER. Bloco de anota\u00e7\u00f5es contendo: 6 blocos adesivados com 25 folhas cada. Incluso caderno com 50 folhas lisas e esferogr\u00e1fica em papel kraft. dimens\u00f5es: 100 x<span class=\"excerpt-hellip\"> [\u2026]<\/span><\/p>\n","protected":false},"featured_media":487,"comment_status":"open","ping_status":"closed","template":"","meta":[],"product_cat":[146],"product_tag":[147,157,148,158,150],"class_list":["post-3928","product","type-product","status-publish","has-post-thumbnail","hentry","product_cat-blocos-e-cadernetas","product_tag-bloco","product_tag-bloco-com-post-its","product_tag-bloco-de-anotacoes","product_tag-caderno","product_tag-moleskine-personalizado"],"_links":{"self":[{"href":"https:\/\/vohnabrindes.com.br\/index.php\/wp-json\/wp\/v2\/product\/3928","targetHints":{"allow":["GET"]}}],"collection":[{"href":"https:\/\/vohnabrindes.com.br\/index.php\/wp-json\/wp\/v2\/product"}],"about":[{"href":"https:\/\/vohnabrindes.com.br\/index.php\/wp-json\/wp\/v2\/types\/product"}],"replies":[{"embeddable":true,"href":"https:\/\/vohnabrindes.com.br\/index.php\/wp-json\/wp\/v2\/comments?post=3928"}],"version-history":[{"count":1,"href":"https:\/\/vohnabrindes.com.br\/index.php\/wp-json\/wp\/v2\/product\/3928\/revisions"}],"predecessor-version":[{"id":3959,"href":"https:\/\/vohnabrindes.com.br\/index.php\/wp-json\/wp\/v2\/product\/3928\/revisions\/3959"}],"wp:featuredmedia":[{"embeddable":true,"href":"https:\/\/vohnabrindes.com.br\/index.php\/wp-json\/wp\/v2\/media\/487"}],"wp:attachment":[{"href":"https:\/\/vohnabrindes.com.br\/index.php\/wp-json\/wp\/v2\/media?parent=3928"}],"wp:term":[{"taxonomy":"product_cat","embeddable":true,"href":"https:\/\/vohnabrindes.com.br\/index.php\/wp-json\/wp\/v2\/product_cat?post=3928"},{"taxonomy":"product_tag","embeddable":true,"href":"https:\/\/vohnabrindes.com.br\/index.php\/wp-json\/wp\/v2\/product_tag?post=3928"}],"curies":[{"name":"wp","href":"https:\/\/api.w.org\/{rel}","templated":true}]}}