{"id":3929,"date":"2025-05-30T21:38:11","date_gmt":"2025-05-31T00:38:11","guid":{"rendered":"https:\/\/vohnabrindes.com.br\/?post_type=product&#038;p=3929"},"modified":"2025-05-30T21:38:15","modified_gmt":"2025-05-31T00:38:15","slug":"bloco-de-anotacoes-com-autoadesivos-personalizados","status":"publish","type":"product","link":"https:\/\/vohnabrindes.com.br\/index.php\/product\/bloco-de-anotacoes-com-autoadesivos-personalizados\/","title":{"rendered":"Bloco de Anota\u00e7\u00f5es com Autoadesivos personalizados."},"content":{"rendered":"<pre id=\"item_referencia\">18557- <span class=\"desc-sub my-desc-sub\" style=\"font-size: 14px;\">Bloco de anota\u00e7\u00f5es pl\u00e1stico com autoadesivos e wire-o, cont\u00e9m cinco blocos autoadesivos coloridos com aproximadamente 25 folhas cada.<\/span><\/pre>\n<div class=\"caracs\">\n<div class=\"desc\">\n<p class=\"desc-tit\">dimens\u00f5es: Altura<span class=\"desc-sub\"> :\u00a0 8,6 cm\u00a0 x <\/span>Largura<span class=\"desc-sub\"> :\u00a0 8,5 cm x <\/span>Espessura<span class=\"desc-sub\"> :\u00a0 1,3 cm<\/span><\/p>\n<\/div>\n<div class=\"desc\">\n<p class=\"desc-tit\">Peso aproximado<span class=\"desc-sub\">\u00a0(g):\u00a0 31<\/span><\/p>\n<p>cores: laranja, azul, transparente , fum\u00ea, verde e vermelho<\/p>\n<\/div>\n<\/div>\n","protected":false},"excerpt":{"rendered":"<p>18557- Bloco de anota\u00e7\u00f5es pl\u00e1stico com autoadesivos e wire-o, cont\u00e9m cinco blocos autoadesivos coloridos com aproximadamente 25 folhas cada. dimens\u00f5es: Altura :\u00a0 8,6 cm\u00a0 x Largura<span class=\"excerpt-hellip\"> [\u2026]<\/span><\/p>\n","protected":false},"featured_media":489,"comment_status":"open","ping_status":"closed","template":"","meta":[],"product_cat":[146],"product_tag":[],"class_list":["post-3929","product","type-product","status-publish","has-post-thumbnail","hentry","product_cat-blocos-e-cadernetas"],"_links":{"self":[{"href":"https:\/\/vohnabrindes.com.br\/index.php\/wp-json\/wp\/v2\/product\/3929","targetHints":{"allow":["GET"]}}],"collection":[{"href":"https:\/\/vohnabrindes.com.br\/index.php\/wp-json\/wp\/v2\/product"}],"about":[{"href":"https:\/\/vohnabrindes.com.br\/index.php\/wp-json\/wp\/v2\/types\/product"}],"replies":[{"embeddable":true,"href":"https:\/\/vohnabrindes.com.br\/index.php\/wp-json\/wp\/v2\/comments?post=3929"}],"version-history":[{"count":1,"href":"https:\/\/vohnabrindes.com.br\/index.php\/wp-json\/wp\/v2\/product\/3929\/revisions"}],"predecessor-version":[{"id":3960,"href":"https:\/\/vohnabrindes.com.br\/index.php\/wp-json\/wp\/v2\/product\/3929\/revisions\/3960"}],"wp:featuredmedia":[{"embeddable":true,"href":"https:\/\/vohnabrindes.com.br\/index.php\/wp-json\/wp\/v2\/media\/489"}],"wp:attachment":[{"href":"https:\/\/vohnabrindes.com.br\/index.php\/wp-json\/wp\/v2\/media?parent=3929"}],"wp:term":[{"taxonomy":"product_cat","embeddable":true,"href":"https:\/\/vohnabrindes.com.br\/index.php\/wp-json\/wp\/v2\/product_cat?post=3929"},{"taxonomy":"product_tag","embeddable":true,"href":"https:\/\/vohnabrindes.com.br\/index.php\/wp-json\/wp\/v2\/product_tag?post=3929"}],"curies":[{"name":"wp","href":"https:\/\/api.w.org\/{rel}","templated":true}]}}