{"id":3930,"date":"2025-05-30T21:38:11","date_gmt":"2025-05-31T00:38:11","guid":{"rendered":"https:\/\/vohnabrindes.com.br\/?post_type=product&#038;p=3930"},"modified":"2025-05-30T21:38:15","modified_gmt":"2025-05-31T00:38:15","slug":"caderno-em-cortica-com-caneta-ecologica-personalizado","status":"publish","type":"product","link":"https:\/\/vohnabrindes.com.br\/index.php\/product\/caderno-em-cortica-com-caneta-ecologica-personalizado\/","title":{"rendered":"Caderno em corti\u00e7a com caneta ecol\u00f3gica personalizado."},"content":{"rendered":"<div class=\"ref\">93285- VICENTE.<\/div>\n<div class=\"texto\">Caderno B6 com capa r\u00edgida em corti\u00e7a e rPET com 140 p\u00e1ginas lisas em papel kraft reciclado (70 g\/m\u00b2) e suporte para esferogr\u00e1fica. Inclusa esferogr\u00e1fica em fibra de trigo e ABS com clipe.<\/div>\n<div class=\"texto\">Esferogr\u00e1fica amiga do ambiente. Escrita a azul.<\/div>\n<div class=\"texto\">dimens\u00f5es: Caderno: 130 x 178 mm |Esferogr\u00e1fica: \u00f810 x 141 mm<\/div>\n","protected":false},"excerpt":{"rendered":"<p>93285- VICENTE. Caderno B6 com capa r\u00edgida em corti\u00e7a e rPET com 140 p\u00e1ginas lisas em papel kraft reciclado (70 g\/m\u00b2) e suporte para esferogr\u00e1fica. Inclusa<span class=\"excerpt-hellip\"> [\u2026]<\/span><\/p>\n","protected":false},"featured_media":491,"comment_status":"open","ping_status":"closed","template":"","meta":[],"product_cat":[146,144,152,126],"product_tag":[147,148,159,158,160],"class_list":["post-3930","product","type-product","status-publish","has-post-thumbnail","hentry","product_cat-blocos-e-cadernetas","product_cat-cadernos-e-pastas","product_cat-lancamentos","product_cat-linha-ecologica","product_tag-bloco","product_tag-bloco-de-anotacoes","product_tag-bloco-ecologico","product_tag-caderno","product_tag-caderno-personalizado"],"_links":{"self":[{"href":"https:\/\/vohnabrindes.com.br\/index.php\/wp-json\/wp\/v2\/product\/3930","targetHints":{"allow":["GET"]}}],"collection":[{"href":"https:\/\/vohnabrindes.com.br\/index.php\/wp-json\/wp\/v2\/product"}],"about":[{"href":"https:\/\/vohnabrindes.com.br\/index.php\/wp-json\/wp\/v2\/types\/product"}],"replies":[{"embeddable":true,"href":"https:\/\/vohnabrindes.com.br\/index.php\/wp-json\/wp\/v2\/comments?post=3930"}],"version-history":[{"count":1,"href":"https:\/\/vohnabrindes.com.br\/index.php\/wp-json\/wp\/v2\/product\/3930\/revisions"}],"predecessor-version":[{"id":3961,"href":"https:\/\/vohnabrindes.com.br\/index.php\/wp-json\/wp\/v2\/product\/3930\/revisions\/3961"}],"wp:featuredmedia":[{"embeddable":true,"href":"https:\/\/vohnabrindes.com.br\/index.php\/wp-json\/wp\/v2\/media\/491"}],"wp:attachment":[{"href":"https:\/\/vohnabrindes.com.br\/index.php\/wp-json\/wp\/v2\/media?parent=3930"}],"wp:term":[{"taxonomy":"product_cat","embeddable":true,"href":"https:\/\/vohnabrindes.com.br\/index.php\/wp-json\/wp\/v2\/product_cat?post=3930"},{"taxonomy":"product_tag","embeddable":true,"href":"https:\/\/vohnabrindes.com.br\/index.php\/wp-json\/wp\/v2\/product_tag?post=3930"}],"curies":[{"name":"wp","href":"https:\/\/api.w.org\/{rel}","templated":true}]}}