{"id":3937,"date":"2025-05-30T21:38:11","date_gmt":"2025-05-31T00:38:11","guid":{"rendered":"https:\/\/vohnabrindes.com.br\/?post_type=product&#038;p=3937"},"modified":"2025-05-30T21:38:15","modified_gmt":"2025-05-31T00:38:15","slug":"kit-para-escritorio-personalizado","status":"publish","type":"product","link":"https:\/\/vohnabrindes.com.br\/index.php\/product\/kit-para-escritorio-personalizado\/","title":{"rendered":"Kit para escrit\u00f3rio personalizado."},"content":{"rendered":"<p>93792-ELIOT.<br \/>\nKit para escrit\u00f3rio em cart\u00e3o. Composto por caderno (80 folhas pautadas em papel reciclado), 6 blocos adesivados (25 folhas cada), 1 r\u00e9gua de 12 cm, 1 esferogr\u00e1fica em papel kraft e suporte para cart\u00f5es de visita.<\/p>\n<p>dimens\u00f5es: 110 x 153 mm<\/p>\n","protected":false},"excerpt":{"rendered":"<p>93792-ELIOT. Kit para escrit\u00f3rio em cart\u00e3o. Composto por caderno (80 folhas pautadas em papel reciclado), 6 blocos adesivados (25 folhas cada), 1 r\u00e9gua de 12 cm,<span class=\"excerpt-hellip\"> [\u2026]<\/span><\/p>\n","protected":false},"featured_media":514,"comment_status":"open","ping_status":"closed","template":"","meta":[],"product_cat":[146,126],"product_tag":[147,157,148,159,162],"class_list":["post-3937","product","type-product","status-publish","has-post-thumbnail","hentry","product_cat-blocos-e-cadernetas","product_cat-linha-ecologica","product_tag-bloco","product_tag-bloco-com-post-its","product_tag-bloco-de-anotacoes","product_tag-bloco-ecologico","product_tag-kit-escritorio-ecologico"],"_links":{"self":[{"href":"https:\/\/vohnabrindes.com.br\/index.php\/wp-json\/wp\/v2\/product\/3937","targetHints":{"allow":["GET"]}}],"collection":[{"href":"https:\/\/vohnabrindes.com.br\/index.php\/wp-json\/wp\/v2\/product"}],"about":[{"href":"https:\/\/vohnabrindes.com.br\/index.php\/wp-json\/wp\/v2\/types\/product"}],"replies":[{"embeddable":true,"href":"https:\/\/vohnabrindes.com.br\/index.php\/wp-json\/wp\/v2\/comments?post=3937"}],"version-history":[{"count":1,"href":"https:\/\/vohnabrindes.com.br\/index.php\/wp-json\/wp\/v2\/product\/3937\/revisions"}],"predecessor-version":[{"id":3968,"href":"https:\/\/vohnabrindes.com.br\/index.php\/wp-json\/wp\/v2\/product\/3937\/revisions\/3968"}],"wp:featuredmedia":[{"embeddable":true,"href":"https:\/\/vohnabrindes.com.br\/index.php\/wp-json\/wp\/v2\/media\/514"}],"wp:attachment":[{"href":"https:\/\/vohnabrindes.com.br\/index.php\/wp-json\/wp\/v2\/media?parent=3937"}],"wp:term":[{"taxonomy":"product_cat","embeddable":true,"href":"https:\/\/vohnabrindes.com.br\/index.php\/wp-json\/wp\/v2\/product_cat?post=3937"},{"taxonomy":"product_tag","embeddable":true,"href":"https:\/\/vohnabrindes.com.br\/index.php\/wp-json\/wp\/v2\/product_tag?post=3937"}],"curies":[{"name":"wp","href":"https:\/\/api.w.org\/{rel}","templated":true}]}}