{"id":3942,"date":"2025-05-30T21:38:12","date_gmt":"2025-05-31T00:38:12","guid":{"rendered":"https:\/\/vohnabrindes.com.br\/?post_type=product&#038;p=3942"},"modified":"2025-05-30T21:38:16","modified_gmt":"2025-05-31T00:38:16","slug":"bloco-de-anotacoes-com-autoadesivos-personalizado-2","status":"publish","type":"product","link":"https:\/\/vohnabrindes.com.br\/index.php\/product\/bloco-de-anotacoes-com-autoadesivos-personalizado-2\/","title":{"rendered":"Bloco de Anota\u00e7\u00f5es com Autoadesivos personalizado."},"content":{"rendered":"<h6 id=\"item_referencia\">18515<\/h6>\n<p class=\"produto-nome\"><span class=\"desc-sub my-desc-sub\">Bloco de anota\u00e7\u00f5es ecol\u00f3gico com autoadesivos e suporte para caneta. Bloco de capa colorida com abertura lateral imantada, primeira folha com cinco blocos autoadesivos coloridos com aproximadamente 25 folhas e aproximadamente 68 folhas brancas pautadas. Ultima p\u00e1gina kraft conta com suporte para caneta em nylon(n\u00e3o acompanha caneta).<\/span><\/p>\n<div class=\"caracs\">\n<div class=\"desc\">\n<p class=\"desc-tit\">Altura<span class=\"desc-sub\">\u00a0:\u00a0 16,3 cm<\/span><\/p>\n<\/div>\n<div class=\"desc\">\n<p class=\"desc-tit\">Largura<span class=\"desc-sub\">\u00a0:\u00a0 13,5 cm<\/span><\/p>\n<\/div>\n<div class=\"desc\">\n<p class=\"desc-tit\">Medidas aproximadas para grava\u00e7\u00e3o<span class=\"desc-sub\">\u00a0(CxL):\u00a0 15,8 cm x 3 cm<\/span><\/p>\n<\/div>\n<div class=\"desc\">\n<p class=\"desc-tit\">Peso aproximado<span class=\"desc-sub\">\u00a0(g):\u00a0 169<\/span><\/p>\n<\/div>\n<\/div>\n","protected":false},"excerpt":{"rendered":"<p>18515 Bloco de anota\u00e7\u00f5es ecol\u00f3gico com autoadesivos e suporte para caneta. Bloco de capa colorida com abertura lateral imantada, primeira folha com cinco blocos autoadesivos coloridos<span class=\"excerpt-hellip\"> [\u2026]<\/span><\/p>\n","protected":false},"featured_media":524,"comment_status":"open","ping_status":"closed","template":"","meta":[],"product_cat":[146,126],"product_tag":[147,157,163],"class_list":["post-3942","product","type-product","status-publish","has-post-thumbnail","hentry","product_cat-blocos-e-cadernetas","product_cat-linha-ecologica","product_tag-bloco","product_tag-bloco-com-post-its","product_tag-bloco-de-anotacoes-ecologico"],"_links":{"self":[{"href":"https:\/\/vohnabrindes.com.br\/index.php\/wp-json\/wp\/v2\/product\/3942","targetHints":{"allow":["GET"]}}],"collection":[{"href":"https:\/\/vohnabrindes.com.br\/index.php\/wp-json\/wp\/v2\/product"}],"about":[{"href":"https:\/\/vohnabrindes.com.br\/index.php\/wp-json\/wp\/v2\/types\/product"}],"replies":[{"embeddable":true,"href":"https:\/\/vohnabrindes.com.br\/index.php\/wp-json\/wp\/v2\/comments?post=3942"}],"version-history":[{"count":1,"href":"https:\/\/vohnabrindes.com.br\/index.php\/wp-json\/wp\/v2\/product\/3942\/revisions"}],"predecessor-version":[{"id":3973,"href":"https:\/\/vohnabrindes.com.br\/index.php\/wp-json\/wp\/v2\/product\/3942\/revisions\/3973"}],"wp:featuredmedia":[{"embeddable":true,"href":"https:\/\/vohnabrindes.com.br\/index.php\/wp-json\/wp\/v2\/media\/524"}],"wp:attachment":[{"href":"https:\/\/vohnabrindes.com.br\/index.php\/wp-json\/wp\/v2\/media?parent=3942"}],"wp:term":[{"taxonomy":"product_cat","embeddable":true,"href":"https:\/\/vohnabrindes.com.br\/index.php\/wp-json\/wp\/v2\/product_cat?post=3942"},{"taxonomy":"product_tag","embeddable":true,"href":"https:\/\/vohnabrindes.com.br\/index.php\/wp-json\/wp\/v2\/product_tag?post=3942"}],"curies":[{"name":"wp","href":"https:\/\/api.w.org\/{rel}","templated":true}]}}