{"id":3943,"date":"2025-05-30T21:38:12","date_gmt":"2025-05-31T00:38:12","guid":{"rendered":"https:\/\/vohnabrindes.com.br\/?post_type=product&#038;p=3943"},"modified":"2025-05-30T21:38:16","modified_gmt":"2025-05-31T00:38:16","slug":"bloco-de-anotacoes-adesivados","status":"publish","type":"product","link":"https:\/\/vohnabrindes.com.br\/index.php\/product\/bloco-de-anotacoes-adesivados\/","title":{"rendered":"Bloco de anota\u00e7\u00f5es adesivados."},"content":{"rendered":"<div class=\"ref\">93448-JAMES.<\/div>\n<div class=\"texto\">Bloco de anota\u00e7\u00f5es contendo: 7 blocos adesivados com 25 folhas cada e capa em cart\u00e3o. Incluso r\u00e9gua de 12 cm com escala impressa.<\/div>\n<div class=\"texto\">dimens\u00f5es: 159 x 50 x 3 mm<\/div>\n","protected":false},"excerpt":{"rendered":"<p>93448-JAMES. Bloco de anota\u00e7\u00f5es contendo: 7 blocos adesivados com 25 folhas cada e capa em cart\u00e3o. Incluso r\u00e9gua de 12 cm com escala impressa. dimens\u00f5es: 159<span class=\"excerpt-hellip\"> [\u2026]<\/span><\/p>\n","protected":false},"featured_media":526,"comment_status":"open","ping_status":"closed","template":"","meta":[],"product_cat":[146],"product_tag":[147,157,148],"class_list":["post-3943","product","type-product","status-publish","has-post-thumbnail","hentry","product_cat-blocos-e-cadernetas","product_tag-bloco","product_tag-bloco-com-post-its","product_tag-bloco-de-anotacoes"],"_links":{"self":[{"href":"https:\/\/vohnabrindes.com.br\/index.php\/wp-json\/wp\/v2\/product\/3943","targetHints":{"allow":["GET"]}}],"collection":[{"href":"https:\/\/vohnabrindes.com.br\/index.php\/wp-json\/wp\/v2\/product"}],"about":[{"href":"https:\/\/vohnabrindes.com.br\/index.php\/wp-json\/wp\/v2\/types\/product"}],"replies":[{"embeddable":true,"href":"https:\/\/vohnabrindes.com.br\/index.php\/wp-json\/wp\/v2\/comments?post=3943"}],"version-history":[{"count":1,"href":"https:\/\/vohnabrindes.com.br\/index.php\/wp-json\/wp\/v2\/product\/3943\/revisions"}],"predecessor-version":[{"id":3974,"href":"https:\/\/vohnabrindes.com.br\/index.php\/wp-json\/wp\/v2\/product\/3943\/revisions\/3974"}],"wp:featuredmedia":[{"embeddable":true,"href":"https:\/\/vohnabrindes.com.br\/index.php\/wp-json\/wp\/v2\/media\/526"}],"wp:attachment":[{"href":"https:\/\/vohnabrindes.com.br\/index.php\/wp-json\/wp\/v2\/media?parent=3943"}],"wp:term":[{"taxonomy":"product_cat","embeddable":true,"href":"https:\/\/vohnabrindes.com.br\/index.php\/wp-json\/wp\/v2\/product_cat?post=3943"},{"taxonomy":"product_tag","embeddable":true,"href":"https:\/\/vohnabrindes.com.br\/index.php\/wp-json\/wp\/v2\/product_tag?post=3943"}],"curies":[{"name":"wp","href":"https:\/\/api.w.org\/{rel}","templated":true}]}}