{"id":3946,"date":"2025-05-30T21:38:12","date_gmt":"2025-05-31T00:38:12","guid":{"rendered":"https:\/\/vohnabrindes.com.br\/?post_type=product&#038;p=3946"},"modified":"2025-05-30T21:38:16","modified_gmt":"2025-05-31T00:38:16","slug":"bloco-de-anotacoes-adesivados-2","status":"publish","type":"product","link":"https:\/\/vohnabrindes.com.br\/index.php\/product\/bloco-de-anotacoes-adesivados-2\/","title":{"rendered":"Bloco de anota\u00e7\u00f5es adesivados."},"content":{"rendered":"<div class=\"ref\">93794 FAULKNER.<\/div>\n<div>Bloco de anota\u00e7\u00f5es adesivados.<\/div>\n<div class=\"texto\">4 blocos adesivados triangular com 25 folhas cada e com capa em cart\u00e3o.<\/div>\n<div class=\"texto\">dimens\u00f5es: 91 x 91 mm<\/div>\n<div>cor preto, kraft ou branco<\/div>\n","protected":false},"excerpt":{"rendered":"<p>93794 FAULKNER. Bloco de anota\u00e7\u00f5es adesivados. 4 blocos adesivados triangular com 25 folhas cada e com capa em cart\u00e3o. dimens\u00f5es: 91 x 91 mm cor preto,<span class=\"excerpt-hellip\"> [\u2026]<\/span><\/p>\n","protected":false},"featured_media":540,"comment_status":"open","ping_status":"closed","template":"","meta":[],"product_cat":[146,126],"product_tag":[157,148,163,159],"class_list":["post-3946","product","type-product","status-publish","has-post-thumbnail","hentry","product_cat-blocos-e-cadernetas","product_cat-linha-ecologica","product_tag-bloco-com-post-its","product_tag-bloco-de-anotacoes","product_tag-bloco-de-anotacoes-ecologico","product_tag-bloco-ecologico"],"_links":{"self":[{"href":"https:\/\/vohnabrindes.com.br\/index.php\/wp-json\/wp\/v2\/product\/3946","targetHints":{"allow":["GET"]}}],"collection":[{"href":"https:\/\/vohnabrindes.com.br\/index.php\/wp-json\/wp\/v2\/product"}],"about":[{"href":"https:\/\/vohnabrindes.com.br\/index.php\/wp-json\/wp\/v2\/types\/product"}],"replies":[{"embeddable":true,"href":"https:\/\/vohnabrindes.com.br\/index.php\/wp-json\/wp\/v2\/comments?post=3946"}],"version-history":[{"count":1,"href":"https:\/\/vohnabrindes.com.br\/index.php\/wp-json\/wp\/v2\/product\/3946\/revisions"}],"predecessor-version":[{"id":3977,"href":"https:\/\/vohnabrindes.com.br\/index.php\/wp-json\/wp\/v2\/product\/3946\/revisions\/3977"}],"wp:featuredmedia":[{"embeddable":true,"href":"https:\/\/vohnabrindes.com.br\/index.php\/wp-json\/wp\/v2\/media\/540"}],"wp:attachment":[{"href":"https:\/\/vohnabrindes.com.br\/index.php\/wp-json\/wp\/v2\/media?parent=3946"}],"wp:term":[{"taxonomy":"product_cat","embeddable":true,"href":"https:\/\/vohnabrindes.com.br\/index.php\/wp-json\/wp\/v2\/product_cat?post=3946"},{"taxonomy":"product_tag","embeddable":true,"href":"https:\/\/vohnabrindes.com.br\/index.php\/wp-json\/wp\/v2\/product_tag?post=3946"}],"curies":[{"name":"wp","href":"https:\/\/api.w.org\/{rel}","templated":true}]}}