{"id":3980,"date":"2025-05-30T21:38:17","date_gmt":"2025-05-31T00:38:17","guid":{"rendered":"https:\/\/vohnabrindes.com.br\/?post_type=product&#038;p=3980"},"modified":"2025-05-30T21:38:18","modified_gmt":"2025-05-31T00:38:18","slug":"bloco-de-anotacoes-adesivados-4","status":"publish","type":"product","link":"https:\/\/vohnabrindes.com.br\/index.php\/product\/bloco-de-anotacoes-adesivados-4\/","title":{"rendered":"bloco de anota\u00e7\u00f5es adesivados."},"content":{"rendered":"<div class=\"ref\">93421STOOKY.<\/div>\n<div>bloco de anota\u00e7\u00f5es adesivados.<\/div>\n<div class=\"texto\">5 blocos adesivados com 20 folhas cada.<\/div>\n<div class=\"texto\">dimens\u00f5es: 80 x 60 x 3 mm<\/div>\n","protected":false},"excerpt":{"rendered":"<p>93421STOOKY. bloco de anota\u00e7\u00f5es adesivados. 5 blocos adesivados com 20 folhas cada. dimens\u00f5es: 80 x 60 x 3 mm<\/p>\n","protected":false},"featured_media":546,"comment_status":"open","ping_status":"closed","template":"","meta":[],"product_cat":[146,126],"product_tag":[157,163,159],"class_list":["post-3980","product","type-product","status-publish","has-post-thumbnail","hentry","product_cat-blocos-e-cadernetas","product_cat-linha-ecologica","product_tag-bloco-com-post-its","product_tag-bloco-de-anotacoes-ecologico","product_tag-bloco-ecologico"],"_links":{"self":[{"href":"https:\/\/vohnabrindes.com.br\/index.php\/wp-json\/wp\/v2\/product\/3980","targetHints":{"allow":["GET"]}}],"collection":[{"href":"https:\/\/vohnabrindes.com.br\/index.php\/wp-json\/wp\/v2\/product"}],"about":[{"href":"https:\/\/vohnabrindes.com.br\/index.php\/wp-json\/wp\/v2\/types\/product"}],"replies":[{"embeddable":true,"href":"https:\/\/vohnabrindes.com.br\/index.php\/wp-json\/wp\/v2\/comments?post=3980"}],"version-history":[{"count":1,"href":"https:\/\/vohnabrindes.com.br\/index.php\/wp-json\/wp\/v2\/product\/3980\/revisions"}],"predecessor-version":[{"id":4010,"href":"https:\/\/vohnabrindes.com.br\/index.php\/wp-json\/wp\/v2\/product\/3980\/revisions\/4010"}],"wp:featuredmedia":[{"embeddable":true,"href":"https:\/\/vohnabrindes.com.br\/index.php\/wp-json\/wp\/v2\/media\/546"}],"wp:attachment":[{"href":"https:\/\/vohnabrindes.com.br\/index.php\/wp-json\/wp\/v2\/media?parent=3980"}],"wp:term":[{"taxonomy":"product_cat","embeddable":true,"href":"https:\/\/vohnabrindes.com.br\/index.php\/wp-json\/wp\/v2\/product_cat?post=3980"},{"taxonomy":"product_tag","embeddable":true,"href":"https:\/\/vohnabrindes.com.br\/index.php\/wp-json\/wp\/v2\/product_tag?post=3980"}],"curies":[{"name":"wp","href":"https:\/\/api.w.org\/{rel}","templated":true}]}}