{"id":3982,"date":"2025-05-30T21:38:17","date_gmt":"2025-05-31T00:38:17","guid":{"rendered":"https:\/\/vohnabrindes.com.br\/?post_type=product&#038;p=3982"},"modified":"2025-05-30T21:38:18","modified_gmt":"2025-05-31T00:38:18","slug":"bloco-de-anotacoes-adesivados-ecologicos","status":"publish","type":"product","link":"https:\/\/vohnabrindes.com.br\/index.php\/product\/bloco-de-anotacoes-adesivados-ecologicos\/","title":{"rendered":"Bloco de anota\u00e7\u00f5es adesivados ecol\u00f3gicos ."},"content":{"rendered":"<div class=\"ref\">93718PETER.<\/div>\n<div>Bloco de anota\u00e7\u00f5es adesivados ecol\u00f3gicos .<\/div>\n<div class=\"texto\">6 blocos adesivados espiral com 25 folhas cada e capa em papel kraft.<\/div>\n<div class=\"texto\">dimens\u00f5es: 75 x 70 mm<\/div>\n","protected":false},"excerpt":{"rendered":"<p>93718PETER. Bloco de anota\u00e7\u00f5es adesivados ecol\u00f3gicos . 6 blocos adesivados espiral com 25 folhas cada e capa em papel kraft. dimens\u00f5es: 75 x 70 mm<\/p>\n","protected":false},"featured_media":556,"comment_status":"open","ping_status":"closed","template":"","meta":[],"product_cat":[146,126],"product_tag":[147,157,163],"class_list":["post-3982","product","type-product","status-publish","has-post-thumbnail","hentry","product_cat-blocos-e-cadernetas","product_cat-linha-ecologica","product_tag-bloco","product_tag-bloco-com-post-its","product_tag-bloco-de-anotacoes-ecologico"],"_links":{"self":[{"href":"https:\/\/vohnabrindes.com.br\/index.php\/wp-json\/wp\/v2\/product\/3982","targetHints":{"allow":["GET"]}}],"collection":[{"href":"https:\/\/vohnabrindes.com.br\/index.php\/wp-json\/wp\/v2\/product"}],"about":[{"href":"https:\/\/vohnabrindes.com.br\/index.php\/wp-json\/wp\/v2\/types\/product"}],"replies":[{"embeddable":true,"href":"https:\/\/vohnabrindes.com.br\/index.php\/wp-json\/wp\/v2\/comments?post=3982"}],"version-history":[{"count":1,"href":"https:\/\/vohnabrindes.com.br\/index.php\/wp-json\/wp\/v2\/product\/3982\/revisions"}],"predecessor-version":[{"id":4012,"href":"https:\/\/vohnabrindes.com.br\/index.php\/wp-json\/wp\/v2\/product\/3982\/revisions\/4012"}],"wp:featuredmedia":[{"embeddable":true,"href":"https:\/\/vohnabrindes.com.br\/index.php\/wp-json\/wp\/v2\/media\/556"}],"wp:attachment":[{"href":"https:\/\/vohnabrindes.com.br\/index.php\/wp-json\/wp\/v2\/media?parent=3982"}],"wp:term":[{"taxonomy":"product_cat","embeddable":true,"href":"https:\/\/vohnabrindes.com.br\/index.php\/wp-json\/wp\/v2\/product_cat?post=3982"},{"taxonomy":"product_tag","embeddable":true,"href":"https:\/\/vohnabrindes.com.br\/index.php\/wp-json\/wp\/v2\/product_tag?post=3982"}],"curies":[{"name":"wp","href":"https:\/\/api.w.org\/{rel}","templated":true}]}}