{"id":3985,"date":"2025-05-30T21:38:17","date_gmt":"2025-05-31T00:38:17","guid":{"rendered":"https:\/\/vohnabrindes.com.br\/?post_type=product&#038;p=3985"},"modified":"2025-05-30T21:38:20","modified_gmt":"2025-05-31T00:38:20","slug":"bloco-de-anotacoes-com-capa-plastica","status":"publish","type":"product","link":"https:\/\/vohnabrindes.com.br\/index.php\/product\/bloco-de-anotacoes-com-capa-plastica\/","title":{"rendered":"bloco de anota\u00e7\u00f5es com capa pl\u00e1stica ."},"content":{"rendered":"<div class=\"ref\">93476MILTON.<\/div>\n<div>bloco de anota\u00e7\u00f5es com capa pl\u00e1stica .<\/div>\n<div class=\"texto\">Caderno A7 espiral com 80 folhas lisas e capa semi-r\u00edgida em PP.<\/div>\n<div class=\"texto\">dimens\u00f5es: 78 x 108 mm<\/div>\n","protected":false},"excerpt":{"rendered":"<p>93476MILTON. bloco de anota\u00e7\u00f5es com capa pl\u00e1stica . Caderno A7 espiral com 80 folhas lisas e capa semi-r\u00edgida em PP. dimens\u00f5es: 78 x 108 mm<\/p>\n","protected":false},"featured_media":561,"comment_status":"open","ping_status":"closed","template":"","meta":[],"product_cat":[146],"product_tag":[147,148],"class_list":["post-3985","product","type-product","status-publish","has-post-thumbnail","hentry","product_cat-blocos-e-cadernetas","product_tag-bloco","product_tag-bloco-de-anotacoes"],"_links":{"self":[{"href":"https:\/\/vohnabrindes.com.br\/index.php\/wp-json\/wp\/v2\/product\/3985","targetHints":{"allow":["GET"]}}],"collection":[{"href":"https:\/\/vohnabrindes.com.br\/index.php\/wp-json\/wp\/v2\/product"}],"about":[{"href":"https:\/\/vohnabrindes.com.br\/index.php\/wp-json\/wp\/v2\/types\/product"}],"replies":[{"embeddable":true,"href":"https:\/\/vohnabrindes.com.br\/index.php\/wp-json\/wp\/v2\/comments?post=3985"}],"version-history":[{"count":1,"href":"https:\/\/vohnabrindes.com.br\/index.php\/wp-json\/wp\/v2\/product\/3985\/revisions"}],"predecessor-version":[{"id":4016,"href":"https:\/\/vohnabrindes.com.br\/index.php\/wp-json\/wp\/v2\/product\/3985\/revisions\/4016"}],"wp:featuredmedia":[{"embeddable":true,"href":"https:\/\/vohnabrindes.com.br\/index.php\/wp-json\/wp\/v2\/media\/561"}],"wp:attachment":[{"href":"https:\/\/vohnabrindes.com.br\/index.php\/wp-json\/wp\/v2\/media?parent=3985"}],"wp:term":[{"taxonomy":"product_cat","embeddable":true,"href":"https:\/\/vohnabrindes.com.br\/index.php\/wp-json\/wp\/v2\/product_cat?post=3985"},{"taxonomy":"product_tag","embeddable":true,"href":"https:\/\/vohnabrindes.com.br\/index.php\/wp-json\/wp\/v2\/product_tag?post=3985"}],"curies":[{"name":"wp","href":"https:\/\/api.w.org\/{rel}","templated":true}]}}