{"id":3987,"date":"2025-05-30T21:38:17","date_gmt":"2025-05-31T00:38:17","guid":{"rendered":"https:\/\/vohnabrindes.com.br\/?post_type=product&#038;p=3987"},"modified":"2025-05-30T21:38:21","modified_gmt":"2025-05-31T00:38:21","slug":"bloco-de-anotacoes-com-lapis-personalizados","status":"publish","type":"product","link":"https:\/\/vohnabrindes.com.br\/index.php\/product\/bloco-de-anotacoes-com-lapis-personalizados\/","title":{"rendered":"Bloco de anota\u00e7\u00f5es com l\u00e1pis personalizados."},"content":{"rendered":"<p>93422 BRONTE.<\/p>\n<p>Bloco de anota\u00e7\u00f5es com l\u00e1pis personalizados.<br \/>\nCaderno A7 com 70 folhas lisas de papel reciclado, capa dura em cart\u00e3o e el\u00e1stico.<\/p>\n<p>Incluso l\u00e1pis com borracha na ponta.<\/p>\n<p>dimens\u00f5es: 82 x 105 mm<\/p>\n","protected":false},"excerpt":{"rendered":"<p>93422 BRONTE. Bloco de anota\u00e7\u00f5es com l\u00e1pis personalizados. Caderno A7 com 70 folhas lisas de papel reciclado, capa dura em cart\u00e3o e el\u00e1stico. Incluso l\u00e1pis com<span class=\"excerpt-hellip\"> [\u2026]<\/span><\/p>\n","protected":false},"featured_media":565,"comment_status":"open","ping_status":"closed","template":"","meta":[],"product_cat":[146],"product_tag":[147,148,163],"class_list":["post-3987","product","type-product","status-publish","has-post-thumbnail","hentry","product_cat-blocos-e-cadernetas","product_tag-bloco","product_tag-bloco-de-anotacoes","product_tag-bloco-de-anotacoes-ecologico"],"_links":{"self":[{"href":"https:\/\/vohnabrindes.com.br\/index.php\/wp-json\/wp\/v2\/product\/3987","targetHints":{"allow":["GET"]}}],"collection":[{"href":"https:\/\/vohnabrindes.com.br\/index.php\/wp-json\/wp\/v2\/product"}],"about":[{"href":"https:\/\/vohnabrindes.com.br\/index.php\/wp-json\/wp\/v2\/types\/product"}],"replies":[{"embeddable":true,"href":"https:\/\/vohnabrindes.com.br\/index.php\/wp-json\/wp\/v2\/comments?post=3987"}],"version-history":[{"count":1,"href":"https:\/\/vohnabrindes.com.br\/index.php\/wp-json\/wp\/v2\/product\/3987\/revisions"}],"predecessor-version":[{"id":4019,"href":"https:\/\/vohnabrindes.com.br\/index.php\/wp-json\/wp\/v2\/product\/3987\/revisions\/4019"}],"wp:featuredmedia":[{"embeddable":true,"href":"https:\/\/vohnabrindes.com.br\/index.php\/wp-json\/wp\/v2\/media\/565"}],"wp:attachment":[{"href":"https:\/\/vohnabrindes.com.br\/index.php\/wp-json\/wp\/v2\/media?parent=3987"}],"wp:term":[{"taxonomy":"product_cat","embeddable":true,"href":"https:\/\/vohnabrindes.com.br\/index.php\/wp-json\/wp\/v2\/product_cat?post=3987"},{"taxonomy":"product_tag","embeddable":true,"href":"https:\/\/vohnabrindes.com.br\/index.php\/wp-json\/wp\/v2\/product_tag?post=3987"}],"curies":[{"name":"wp","href":"https:\/\/api.w.org\/{rel}","templated":true}]}}