{"id":3988,"date":"2025-05-30T21:38:17","date_gmt":"2025-05-31T00:38:17","guid":{"rendered":"https:\/\/vohnabrindes.com.br\/?post_type=product&#038;p=3988"},"modified":"2025-05-30T21:38:21","modified_gmt":"2025-05-31T00:38:21","slug":"bloco-de-anotacoes-ecologico","status":"publish","type":"product","link":"https:\/\/vohnabrindes.com.br\/index.php\/product\/bloco-de-anotacoes-ecologico\/","title":{"rendered":"Bloco de anota\u00e7\u00f5es ecol\u00f3gico."},"content":{"rendered":"<div class=\"ref\">93486 DICKENS A6.<\/div>\n<div>Bloco de anota\u00e7\u00f5es ecol\u00f3gico.<\/div>\n<div class=\"texto\">Caderno A6 espiral com capa dura em bambu, 70 folhas pautadas de papel reciclado e suporte para esferogr\u00e1fica. Esferogr\u00e1fica em bambu inclusa.<\/div>\n<div class=\"texto\">dimens\u00f5es: 105 x 148 mm<\/div>\n","protected":false},"excerpt":{"rendered":"<p>93486 DICKENS A6. Bloco de anota\u00e7\u00f5es ecol\u00f3gico. Caderno A6 espiral com capa dura em bambu, 70 folhas pautadas de papel reciclado e suporte para esferogr\u00e1fica. Esferogr\u00e1fica<span class=\"excerpt-hellip\"> [\u2026]<\/span><\/p>\n","protected":false},"featured_media":567,"comment_status":"open","ping_status":"closed","template":"","meta":[],"product_cat":[146],"product_tag":[147,148,163],"class_list":["post-3988","product","type-product","status-publish","has-post-thumbnail","hentry","product_cat-blocos-e-cadernetas","product_tag-bloco","product_tag-bloco-de-anotacoes","product_tag-bloco-de-anotacoes-ecologico"],"_links":{"self":[{"href":"https:\/\/vohnabrindes.com.br\/index.php\/wp-json\/wp\/v2\/product\/3988","targetHints":{"allow":["GET"]}}],"collection":[{"href":"https:\/\/vohnabrindes.com.br\/index.php\/wp-json\/wp\/v2\/product"}],"about":[{"href":"https:\/\/vohnabrindes.com.br\/index.php\/wp-json\/wp\/v2\/types\/product"}],"replies":[{"embeddable":true,"href":"https:\/\/vohnabrindes.com.br\/index.php\/wp-json\/wp\/v2\/comments?post=3988"}],"version-history":[{"count":1,"href":"https:\/\/vohnabrindes.com.br\/index.php\/wp-json\/wp\/v2\/product\/3988\/revisions"}],"predecessor-version":[{"id":4020,"href":"https:\/\/vohnabrindes.com.br\/index.php\/wp-json\/wp\/v2\/product\/3988\/revisions\/4020"}],"wp:featuredmedia":[{"embeddable":true,"href":"https:\/\/vohnabrindes.com.br\/index.php\/wp-json\/wp\/v2\/media\/567"}],"wp:attachment":[{"href":"https:\/\/vohnabrindes.com.br\/index.php\/wp-json\/wp\/v2\/media?parent=3988"}],"wp:term":[{"taxonomy":"product_cat","embeddable":true,"href":"https:\/\/vohnabrindes.com.br\/index.php\/wp-json\/wp\/v2\/product_cat?post=3988"},{"taxonomy":"product_tag","embeddable":true,"href":"https:\/\/vohnabrindes.com.br\/index.php\/wp-json\/wp\/v2\/product_tag?post=3988"}],"curies":[{"name":"wp","href":"https:\/\/api.w.org\/{rel}","templated":true}]}}