{"id":3990,"date":"2025-05-30T21:38:17","date_gmt":"2025-05-31T00:38:17","guid":{"rendered":"https:\/\/vohnabrindes.com.br\/?post_type=product&#038;p=3990"},"modified":"2025-05-30T21:38:21","modified_gmt":"2025-05-31T00:38:21","slug":"bloco-de-anotacoes-ecologico-3","status":"publish","type":"product","link":"https:\/\/vohnabrindes.com.br\/index.php\/product\/bloco-de-anotacoes-ecologico-3\/","title":{"rendered":"Bloco de anota\u00e7\u00f5es ecol\u00f3gico."},"content":{"rendered":"<div class=\"ref\">93419<\/div>\n<pre class=\"titulo\">Bloco de anota\u00e7\u00f5es ecol\u00f3gico.<\/pre>\n<div class=\"texto\">Caderno B6 espiral com capa dura em papel kraft e 70 folhas lisas em papel pedra de 120 g\/m\u00b2. Im\u00e3 na capa que funciona como um suporte de esferogr\u00e1fica (n\u00e3o inclusa).<\/div>\n<div class=\"texto\">dimens\u00f5es: 130 x 180 mm<\/div>\n<div class=\"icons\">\n<div class=\"icon\"><\/div>\n<\/div>\n","protected":false},"excerpt":{"rendered":"<p>93419 Bloco de anota\u00e7\u00f5es ecol\u00f3gico. Caderno B6 espiral com capa dura em papel kraft e 70 folhas lisas em papel pedra de 120 g\/m\u00b2. Im\u00e3 na<span class=\"excerpt-hellip\"> [\u2026]<\/span><\/p>\n","protected":false},"featured_media":571,"comment_status":"open","ping_status":"closed","template":"","meta":[],"product_cat":[146,126],"product_tag":[147,163],"class_list":["post-3990","product","type-product","status-publish","has-post-thumbnail","hentry","product_cat-blocos-e-cadernetas","product_cat-linha-ecologica","product_tag-bloco","product_tag-bloco-de-anotacoes-ecologico"],"_links":{"self":[{"href":"https:\/\/vohnabrindes.com.br\/index.php\/wp-json\/wp\/v2\/product\/3990","targetHints":{"allow":["GET"]}}],"collection":[{"href":"https:\/\/vohnabrindes.com.br\/index.php\/wp-json\/wp\/v2\/product"}],"about":[{"href":"https:\/\/vohnabrindes.com.br\/index.php\/wp-json\/wp\/v2\/types\/product"}],"replies":[{"embeddable":true,"href":"https:\/\/vohnabrindes.com.br\/index.php\/wp-json\/wp\/v2\/comments?post=3990"}],"version-history":[{"count":1,"href":"https:\/\/vohnabrindes.com.br\/index.php\/wp-json\/wp\/v2\/product\/3990\/revisions"}],"predecessor-version":[{"id":4022,"href":"https:\/\/vohnabrindes.com.br\/index.php\/wp-json\/wp\/v2\/product\/3990\/revisions\/4022"}],"wp:featuredmedia":[{"embeddable":true,"href":"https:\/\/vohnabrindes.com.br\/index.php\/wp-json\/wp\/v2\/media\/571"}],"wp:attachment":[{"href":"https:\/\/vohnabrindes.com.br\/index.php\/wp-json\/wp\/v2\/media?parent=3990"}],"wp:term":[{"taxonomy":"product_cat","embeddable":true,"href":"https:\/\/vohnabrindes.com.br\/index.php\/wp-json\/wp\/v2\/product_cat?post=3990"},{"taxonomy":"product_tag","embeddable":true,"href":"https:\/\/vohnabrindes.com.br\/index.php\/wp-json\/wp\/v2\/product_tag?post=3990"}],"curies":[{"name":"wp","href":"https:\/\/api.w.org\/{rel}","templated":true}]}}