{"id":3994,"date":"2025-05-30T21:38:17","date_gmt":"2025-05-31T00:38:17","guid":{"rendered":"https:\/\/vohnabrindes.com.br\/?post_type=product&#038;p=3994"},"modified":"2025-05-30T21:38:22","modified_gmt":"2025-05-31T00:38:22","slug":"mala-de-viagem-executivo-personalizada","status":"publish","type":"product","link":"https:\/\/vohnabrindes.com.br\/index.php\/product\/mala-de-viagem-executivo-personalizada\/","title":{"rendered":"Mala de viagem executivo personalizada."},"content":{"rendered":"<div class=\"ref\">92160-PERTH.<\/div>\n<div class=\"texto\">Mala de viagem executivo em ABS e PC com interior forrado, com divis\u00f3ria. Fecho de seguran\u00e7a com senha na lateral, 4 rodas duplas girat\u00f3rias e pega extens\u00edvel em alum\u00ednio, com mola (altura pega estendida at\u00e9 510 mm). A mala tem capacidade at\u00e9 33 L e peso de 2,70 kg.<\/div>\n<div class=\"texto\">dimens\u00f5es:335 x 550 x 230 mm<\/div>\n<div>cor preto ou azul<\/div>\n","protected":false},"excerpt":{"rendered":"<p>92160-PERTH. Mala de viagem executivo em ABS e PC com interior forrado, com divis\u00f3ria. Fecho de seguran\u00e7a com senha na lateral, 4 rodas duplas girat\u00f3rias e<span class=\"excerpt-hellip\"> [\u2026]<\/span><\/p>\n","protected":false},"featured_media":592,"comment_status":"open","ping_status":"closed","template":"","meta":[],"product_cat":[171],"product_tag":[],"class_list":["post-3994","product","type-product","status-publish","has-post-thumbnail","hentry","product_cat-mochilas-e-malas"],"_links":{"self":[{"href":"https:\/\/vohnabrindes.com.br\/index.php\/wp-json\/wp\/v2\/product\/3994","targetHints":{"allow":["GET"]}}],"collection":[{"href":"https:\/\/vohnabrindes.com.br\/index.php\/wp-json\/wp\/v2\/product"}],"about":[{"href":"https:\/\/vohnabrindes.com.br\/index.php\/wp-json\/wp\/v2\/types\/product"}],"replies":[{"embeddable":true,"href":"https:\/\/vohnabrindes.com.br\/index.php\/wp-json\/wp\/v2\/comments?post=3994"}],"version-history":[{"count":1,"href":"https:\/\/vohnabrindes.com.br\/index.php\/wp-json\/wp\/v2\/product\/3994\/revisions"}],"predecessor-version":[{"id":4026,"href":"https:\/\/vohnabrindes.com.br\/index.php\/wp-json\/wp\/v2\/product\/3994\/revisions\/4026"}],"wp:featuredmedia":[{"embeddable":true,"href":"https:\/\/vohnabrindes.com.br\/index.php\/wp-json\/wp\/v2\/media\/592"}],"wp:attachment":[{"href":"https:\/\/vohnabrindes.com.br\/index.php\/wp-json\/wp\/v2\/media?parent=3994"}],"wp:term":[{"taxonomy":"product_cat","embeddable":true,"href":"https:\/\/vohnabrindes.com.br\/index.php\/wp-json\/wp\/v2\/product_cat?post=3994"},{"taxonomy":"product_tag","embeddable":true,"href":"https:\/\/vohnabrindes.com.br\/index.php\/wp-json\/wp\/v2\/product_tag?post=3994"}],"curies":[{"name":"wp","href":"https:\/\/api.w.org\/{rel}","templated":true}]}}