{"id":3998,"date":"2025-05-30T21:38:18","date_gmt":"2025-05-31T00:38:18","guid":{"rendered":"https:\/\/vohnabrindes.com.br\/?post_type=product&#038;p=3998"},"modified":"2025-05-30T21:38:22","modified_gmt":"2025-05-31T00:38:22","slug":"mala-de-bordo-personalizada-4","status":"publish","type":"product","link":"https:\/\/vohnabrindes.com.br\/index.php\/product\/mala-de-bordo-personalizada-4\/","title":{"rendered":"Mala de bordo personalizada."},"content":{"rendered":"<div class=\"ref\">92090- COIMBRA.<\/div>\n<div class=\"texto\">Mala de viagem executivo em ABS e 600D com 4 rodas duplas girat\u00f3rias, interior forrado e pega extens\u00edvel em alum\u00ednio com altura at\u00e9 460 mm. Compartimento almofadado para notebook at\u00e9 15.6&#8243; e 2 bolsos frontais. Cont\u00e9m fecho de seguran\u00e7a com senha na lateral.<\/div>\n<div class=\"texto\">Com placa preta de personaliza\u00e7\u00e3o para gravarmos a laser<\/div>\n<div class=\"texto\">Capacidade at\u00e9 33 L e peso de 1,67Kg. 320 x 540 x 210 mm<\/div>\n","protected":false},"excerpt":{"rendered":"<p>92090- COIMBRA. Mala de viagem executivo em ABS e 600D com 4 rodas duplas girat\u00f3rias, interior forrado e pega extens\u00edvel em alum\u00ednio com altura at\u00e9 460<span class=\"excerpt-hellip\"> [\u2026]<\/span><\/p>\n","protected":false},"featured_media":600,"comment_status":"open","ping_status":"closed","template":"","meta":[],"product_cat":[177,171],"product_tag":[175,172,173,176],"class_list":["post-3998","product","type-product","status-publish","has-post-thumbnail","hentry","product_cat-linha-travel","product_cat-mochilas-e-malas","product_tag-mala","product_tag-mala-de-bordo","product_tag-mala-de-rodinhas","product_tag-mala-mala"],"_links":{"self":[{"href":"https:\/\/vohnabrindes.com.br\/index.php\/wp-json\/wp\/v2\/product\/3998","targetHints":{"allow":["GET"]}}],"collection":[{"href":"https:\/\/vohnabrindes.com.br\/index.php\/wp-json\/wp\/v2\/product"}],"about":[{"href":"https:\/\/vohnabrindes.com.br\/index.php\/wp-json\/wp\/v2\/types\/product"}],"replies":[{"embeddable":true,"href":"https:\/\/vohnabrindes.com.br\/index.php\/wp-json\/wp\/v2\/comments?post=3998"}],"version-history":[{"count":1,"href":"https:\/\/vohnabrindes.com.br\/index.php\/wp-json\/wp\/v2\/product\/3998\/revisions"}],"predecessor-version":[{"id":4030,"href":"https:\/\/vohnabrindes.com.br\/index.php\/wp-json\/wp\/v2\/product\/3998\/revisions\/4030"}],"wp:featuredmedia":[{"embeddable":true,"href":"https:\/\/vohnabrindes.com.br\/index.php\/wp-json\/wp\/v2\/media\/600"}],"wp:attachment":[{"href":"https:\/\/vohnabrindes.com.br\/index.php\/wp-json\/wp\/v2\/media?parent=3998"}],"wp:term":[{"taxonomy":"product_cat","embeddable":true,"href":"https:\/\/vohnabrindes.com.br\/index.php\/wp-json\/wp\/v2\/product_cat?post=3998"},{"taxonomy":"product_tag","embeddable":true,"href":"https:\/\/vohnabrindes.com.br\/index.php\/wp-json\/wp\/v2\/product_tag?post=3998"}],"curies":[{"name":"wp","href":"https:\/\/api.w.org\/{rel}","templated":true}]}}