{"id":3999,"date":"2025-05-30T21:38:18","date_gmt":"2025-05-31T00:38:18","guid":{"rendered":"https:\/\/vohnabrindes.com.br\/?post_type=product&#038;p=3999"},"modified":"2025-05-30T21:38:22","modified_gmt":"2025-05-31T00:38:22","slug":"mala-de-bordo-personalizada-5","status":"publish","type":"product","link":"https:\/\/vohnabrindes.com.br\/index.php\/product\/mala-de-bordo-personalizada-5\/","title":{"rendered":"Mala de Bordo personalizada."},"content":{"rendered":"<h6 class=\"mb-3\">MV650- Mala de Bordo<\/h6>\n<div class=\"d-block\">\n<div>\n<p>Mala de bordo\u00a0em pl\u00e1stico ABS;<br \/>\nAbertura frontal com ziper para acesso ao interior da mala;<br \/>\nForro poli\u00e9ster;<br \/>\nSistema de carrinho de a\u00e7o;<br \/>\nAl\u00e7a de m\u00e3o na lateral e na parte superior;<br \/>\nQuatro rodas de 360 graus;<br \/>\nAcompanha Plaquinha de metal com personaliza\u00e7\u00e3o\u00a0 em\u00a0 laser.<\/p>\n<\/div>\n<\/div>\n","protected":false},"excerpt":{"rendered":"<p>MV650- Mala de Bordo Mala de bordo\u00a0em pl\u00e1stico ABS; Abertura frontal com ziper para acesso ao interior da mala; Forro poli\u00e9ster; Sistema de carrinho de a\u00e7o;<span class=\"excerpt-hellip\"> [\u2026]<\/span><\/p>\n","protected":false},"featured_media":602,"comment_status":"open","ping_status":"closed","template":"","meta":[],"product_cat":[177,171],"product_tag":[175,172,173,178,174,179],"class_list":["post-3999","product","type-product","status-publish","has-post-thumbnail","hentry","product_cat-linha-travel","product_cat-mochilas-e-malas","product_tag-mala","product_tag-mala-de-bordo","product_tag-mala-de-rodinhas","product_tag-mala-executiva","product_tag-mala-personalizada","product_tag-mama"],"_links":{"self":[{"href":"https:\/\/vohnabrindes.com.br\/index.php\/wp-json\/wp\/v2\/product\/3999","targetHints":{"allow":["GET"]}}],"collection":[{"href":"https:\/\/vohnabrindes.com.br\/index.php\/wp-json\/wp\/v2\/product"}],"about":[{"href":"https:\/\/vohnabrindes.com.br\/index.php\/wp-json\/wp\/v2\/types\/product"}],"replies":[{"embeddable":true,"href":"https:\/\/vohnabrindes.com.br\/index.php\/wp-json\/wp\/v2\/comments?post=3999"}],"version-history":[{"count":1,"href":"https:\/\/vohnabrindes.com.br\/index.php\/wp-json\/wp\/v2\/product\/3999\/revisions"}],"predecessor-version":[{"id":4031,"href":"https:\/\/vohnabrindes.com.br\/index.php\/wp-json\/wp\/v2\/product\/3999\/revisions\/4031"}],"wp:featuredmedia":[{"embeddable":true,"href":"https:\/\/vohnabrindes.com.br\/index.php\/wp-json\/wp\/v2\/media\/602"}],"wp:attachment":[{"href":"https:\/\/vohnabrindes.com.br\/index.php\/wp-json\/wp\/v2\/media?parent=3999"}],"wp:term":[{"taxonomy":"product_cat","embeddable":true,"href":"https:\/\/vohnabrindes.com.br\/index.php\/wp-json\/wp\/v2\/product_cat?post=3999"},{"taxonomy":"product_tag","embeddable":true,"href":"https:\/\/vohnabrindes.com.br\/index.php\/wp-json\/wp\/v2\/product_tag?post=3999"}],"curies":[{"name":"wp","href":"https:\/\/api.w.org\/{rel}","templated":true}]}}