{"id":4001,"date":"2025-05-30T21:38:18","date_gmt":"2025-05-31T00:38:18","guid":{"rendered":"https:\/\/vohnabrindes.com.br\/?post_type=product&#038;p=4001"},"modified":"2025-05-30T21:38:22","modified_gmt":"2025-05-31T00:38:22","slug":"mochila-c-rodinhas-personalizada","status":"publish","type":"product","link":"https:\/\/vohnabrindes.com.br\/index.php\/product\/mochila-c-rodinhas-personalizada\/","title":{"rendered":"Mochila c\/ Rodinhas personalizada."},"content":{"rendered":"<h6 class=\"mb-3\">MC204-Mochila c\/ Rodinhas<\/h6>\n<div class=\"d-block\">\n<div>\n<p>Mochila executiva com rodinha, tecido poli\u00e9ster.<\/p>\n<p>Parte externa:<br \/>\nDetalhe em couro sint\u00e9tico, bolso frontal.<br \/>\nAl\u00e7a de m\u00e3o, bolso traseiro p\/ guardar as al\u00e7as.<br \/>\nTecido protetor de sujeira das rodinhas.<br \/>\nHaste em alum\u00ednio.<\/p>\n<p>Parte interna:<br \/>\nBolso interno, porta notebook, porta cart\u00e3o e canetas. Tamanho total do Notebook &#8211; 13\u00a8<\/p>\n<p>cor preto<\/p>\n<p>grava\u00e7\u00e3o silk ou laser na placa de metal<\/p>\n<\/div>\n<\/div>\n","protected":false},"excerpt":{"rendered":"<p>MC204-Mochila c\/ Rodinhas Mochila executiva com rodinha, tecido poli\u00e9ster. Parte externa: Detalhe em couro sint\u00e9tico, bolso frontal. Al\u00e7a de m\u00e3o, bolso traseiro p\/ guardar as al\u00e7as.<span class=\"excerpt-hellip\"> [\u2026]<\/span><\/p>\n","protected":false},"featured_media":606,"comment_status":"open","ping_status":"closed","template":"","meta":[],"product_cat":[171],"product_tag":[180,181,182],"class_list":["post-4001","product","type-product","status-publish","has-post-thumbnail","hentry","product_cat-mochilas-e-malas","product_tag-mochila-executiva","product_tag-mochila-personalizada","product_tag-mochila-rodinhas"],"_links":{"self":[{"href":"https:\/\/vohnabrindes.com.br\/index.php\/wp-json\/wp\/v2\/product\/4001","targetHints":{"allow":["GET"]}}],"collection":[{"href":"https:\/\/vohnabrindes.com.br\/index.php\/wp-json\/wp\/v2\/product"}],"about":[{"href":"https:\/\/vohnabrindes.com.br\/index.php\/wp-json\/wp\/v2\/types\/product"}],"replies":[{"embeddable":true,"href":"https:\/\/vohnabrindes.com.br\/index.php\/wp-json\/wp\/v2\/comments?post=4001"}],"version-history":[{"count":1,"href":"https:\/\/vohnabrindes.com.br\/index.php\/wp-json\/wp\/v2\/product\/4001\/revisions"}],"predecessor-version":[{"id":4033,"href":"https:\/\/vohnabrindes.com.br\/index.php\/wp-json\/wp\/v2\/product\/4001\/revisions\/4033"}],"wp:featuredmedia":[{"embeddable":true,"href":"https:\/\/vohnabrindes.com.br\/index.php\/wp-json\/wp\/v2\/media\/606"}],"wp:attachment":[{"href":"https:\/\/vohnabrindes.com.br\/index.php\/wp-json\/wp\/v2\/media?parent=4001"}],"wp:term":[{"taxonomy":"product_cat","embeddable":true,"href":"https:\/\/vohnabrindes.com.br\/index.php\/wp-json\/wp\/v2\/product_cat?post=4001"},{"taxonomy":"product_tag","embeddable":true,"href":"https:\/\/vohnabrindes.com.br\/index.php\/wp-json\/wp\/v2\/product_tag?post=4001"}],"curies":[{"name":"wp","href":"https:\/\/api.w.org\/{rel}","templated":true}]}}