{"id":4002,"date":"2025-05-30T21:38:18","date_gmt":"2025-05-31T00:38:18","guid":{"rendered":"https:\/\/vohnabrindes.com.br\/?post_type=product&#038;p=4002"},"modified":"2025-05-30T21:38:22","modified_gmt":"2025-05-31T00:38:22","slug":"mochila-trolley-para-notebook-15-6personalizada","status":"publish","type":"product","link":"https:\/\/vohnabrindes.com.br\/index.php\/product\/mochila-trolley-para-notebook-15-6personalizada\/","title":{"rendered":"Mochila trolley para notebook 15.6&#8221;personalizada."},"content":{"rendered":"<div class=\"ref\">92145-EINDHOVEN. Mochila trolley para notebook 15.6&#8221;<\/div>\n<div class=\"texto\">Mochila trolley para notebook em 600D de alta densidade e poli\u00e9ster 600D imperme\u00e1vel. Compartimento principal para notebook at\u00e9 15.6&#8221;. Bolso frontal com z\u00edper e bolsos laterais com tela.<\/div>\n<div class=\"texto\">Mochila com rodinhas\u00a0 com protetor de rodas e pega extens\u00edvel em metal. Parte posterior e al\u00e7as almofadadas.\u00a0 placa met\u00e1lica pra grava\u00e7\u00e3o a laser<\/div>\n<div class=\"texto\">dimens\u00f5es: 340 x 430 x 170 mm<\/div>\n","protected":false},"excerpt":{"rendered":"<p>92145-EINDHOVEN. Mochila trolley para notebook 15.6&#8221; Mochila trolley para notebook em 600D de alta densidade e poli\u00e9ster 600D imperme\u00e1vel. Compartimento principal para notebook at\u00e9 15.6&#8221;. Bolso<span class=\"excerpt-hellip\"> [\u2026]<\/span><\/p>\n","protected":false},"featured_media":616,"comment_status":"open","ping_status":"closed","template":"","meta":[],"product_cat":[171],"product_tag":[180,181,182],"class_list":["post-4002","product","type-product","status-publish","has-post-thumbnail","hentry","product_cat-mochilas-e-malas","product_tag-mochila-executiva","product_tag-mochila-personalizada","product_tag-mochila-rodinhas"],"_links":{"self":[{"href":"https:\/\/vohnabrindes.com.br\/index.php\/wp-json\/wp\/v2\/product\/4002","targetHints":{"allow":["GET"]}}],"collection":[{"href":"https:\/\/vohnabrindes.com.br\/index.php\/wp-json\/wp\/v2\/product"}],"about":[{"href":"https:\/\/vohnabrindes.com.br\/index.php\/wp-json\/wp\/v2\/types\/product"}],"replies":[{"embeddable":true,"href":"https:\/\/vohnabrindes.com.br\/index.php\/wp-json\/wp\/v2\/comments?post=4002"}],"version-history":[{"count":1,"href":"https:\/\/vohnabrindes.com.br\/index.php\/wp-json\/wp\/v2\/product\/4002\/revisions"}],"predecessor-version":[{"id":4034,"href":"https:\/\/vohnabrindes.com.br\/index.php\/wp-json\/wp\/v2\/product\/4002\/revisions\/4034"}],"wp:featuredmedia":[{"embeddable":true,"href":"https:\/\/vohnabrindes.com.br\/index.php\/wp-json\/wp\/v2\/media\/616"}],"wp:attachment":[{"href":"https:\/\/vohnabrindes.com.br\/index.php\/wp-json\/wp\/v2\/media?parent=4002"}],"wp:term":[{"taxonomy":"product_cat","embeddable":true,"href":"https:\/\/vohnabrindes.com.br\/index.php\/wp-json\/wp\/v2\/product_cat?post=4002"},{"taxonomy":"product_tag","embeddable":true,"href":"https:\/\/vohnabrindes.com.br\/index.php\/wp-json\/wp\/v2\/product_tag?post=4002"}],"curies":[{"name":"wp","href":"https:\/\/api.w.org\/{rel}","templated":true}]}}