{"id":4003,"date":"2025-05-30T21:38:18","date_gmt":"2025-05-31T00:38:18","guid":{"rendered":"https:\/\/vohnabrindes.com.br\/?post_type=product&#038;p=4003"},"modified":"2025-05-30T21:38:22","modified_gmt":"2025-05-31T00:38:22","slug":"mochila-trolley-para-notebook-15-6personalizado","status":"publish","type":"product","link":"https:\/\/vohnabrindes.com.br\/index.php\/product\/mochila-trolley-para-notebook-15-6personalizado\/","title":{"rendered":"Mochila trolley para notebook 15.6&#8221;personalizado."},"content":{"rendered":"<div class=\"ref\">92183-CARDIFF. Mochila trolley para notebook 15.6&#8221;<\/div>\n<div class=\"texto\">Mochila trolley para notebook em 300D com 2 rodas duplas. Compartimento principal forrado e almofadado, com divis\u00f3ria para notebook at\u00e9 15.6&#8221;. A trolley tem 2 bolsos laterais em tela, protetor de rodas, al\u00e7as almofadadas e pega extens\u00edvel em alum\u00ednio, com mola (altura da pega estendida: 550 mm).<\/div>\n<div class=\"texto\">Capacidade at\u00e9 17 L e peso de 1,10 kg.<\/div>\n<div class=\"texto\">dimens\u00f5es:310 x 430 x 140 mm<\/div>\n<div>cor preto<\/div>\n<div>grava\u00e7\u00e3o silk<\/div>\n","protected":false},"excerpt":{"rendered":"<p>92183-CARDIFF. Mochila trolley para notebook 15.6&#8221; Mochila trolley para notebook em 300D com 2 rodas duplas. Compartimento principal forrado e almofadado, com divis\u00f3ria para notebook at\u00e9<span class=\"excerpt-hellip\"> [\u2026]<\/span><\/p>\n","protected":false},"featured_media":618,"comment_status":"open","ping_status":"closed","template":"","meta":[],"product_cat":[171],"product_tag":[183,180,181,182],"class_list":["post-4003","product","type-product","status-publish","has-post-thumbnail","hentry","product_cat-mochilas-e-malas","product_tag-mochila","product_tag-mochila-executiva","product_tag-mochila-personalizada","product_tag-mochila-rodinhas"],"_links":{"self":[{"href":"https:\/\/vohnabrindes.com.br\/index.php\/wp-json\/wp\/v2\/product\/4003","targetHints":{"allow":["GET"]}}],"collection":[{"href":"https:\/\/vohnabrindes.com.br\/index.php\/wp-json\/wp\/v2\/product"}],"about":[{"href":"https:\/\/vohnabrindes.com.br\/index.php\/wp-json\/wp\/v2\/types\/product"}],"replies":[{"embeddable":true,"href":"https:\/\/vohnabrindes.com.br\/index.php\/wp-json\/wp\/v2\/comments?post=4003"}],"version-history":[{"count":1,"href":"https:\/\/vohnabrindes.com.br\/index.php\/wp-json\/wp\/v2\/product\/4003\/revisions"}],"predecessor-version":[{"id":4035,"href":"https:\/\/vohnabrindes.com.br\/index.php\/wp-json\/wp\/v2\/product\/4003\/revisions\/4035"}],"wp:featuredmedia":[{"embeddable":true,"href":"https:\/\/vohnabrindes.com.br\/index.php\/wp-json\/wp\/v2\/media\/618"}],"wp:attachment":[{"href":"https:\/\/vohnabrindes.com.br\/index.php\/wp-json\/wp\/v2\/media?parent=4003"}],"wp:term":[{"taxonomy":"product_cat","embeddable":true,"href":"https:\/\/vohnabrindes.com.br\/index.php\/wp-json\/wp\/v2\/product_cat?post=4003"},{"taxonomy":"product_tag","embeddable":true,"href":"https:\/\/vohnabrindes.com.br\/index.php\/wp-json\/wp\/v2\/product_tag?post=4003"}],"curies":[{"name":"wp","href":"https:\/\/api.w.org\/{rel}","templated":true}]}}