{"id":4004,"date":"2025-05-30T21:38:18","date_gmt":"2025-05-31T00:38:18","guid":{"rendered":"https:\/\/vohnabrindes.com.br\/?post_type=product&#038;p=4004"},"modified":"2025-05-30T21:38:22","modified_gmt":"2025-05-31T00:38:22","slug":"mochila-trolley-para-notebook-17-personalizada","status":"publish","type":"product","link":"https:\/\/vohnabrindes.com.br\/index.php\/product\/mochila-trolley-para-notebook-17-personalizada\/","title":{"rendered":"Mochila trolley para notebook 17&#8221; personalizada."},"content":{"rendered":"<div class=\"ref\">92177-AVENIR. Mochila trolley para notebook 17&#8221;<\/div>\n<div class=\"texto\">Mochila trolley para notebook em 1680D e 300D com 2 rodas. Compartimento principal forrado e almofadado, com divis\u00f3ria almofadada para notebook at\u00e9 17&#8221;. 2 bolsos frontais e 2 bolsos laterais com z\u00edper. O trolley tem protetor de rodas e al\u00e7as almofadadas.<\/div>\n<div class=\"texto\">Pega extens\u00edvel em metal, com mola (altura da pega estendida: 550 mm).<\/div>\n<div class=\"texto\">Placa met\u00e1lica para grava\u00e7\u00e3o a laser<\/div>\n<div class=\"texto\">Capacidade at\u00e9 28 L e peso 1,80 kg. 330 x 490 x 220 mm | Placa: 50 x 20 mm<\/div>\n<div>cor preto<\/div>\n","protected":false},"excerpt":{"rendered":"<p>92177-AVENIR. Mochila trolley para notebook 17&#8221; Mochila trolley para notebook em 1680D e 300D com 2 rodas. Compartimento principal forrado e almofadado, com divis\u00f3ria almofadada para<span class=\"excerpt-hellip\"> [\u2026]<\/span><\/p>\n","protected":false},"featured_media":620,"comment_status":"open","ping_status":"closed","template":"","meta":[],"product_cat":[171],"product_tag":[183,180,181,182],"class_list":["post-4004","product","type-product","status-publish","has-post-thumbnail","hentry","product_cat-mochilas-e-malas","product_tag-mochila","product_tag-mochila-executiva","product_tag-mochila-personalizada","product_tag-mochila-rodinhas"],"_links":{"self":[{"href":"https:\/\/vohnabrindes.com.br\/index.php\/wp-json\/wp\/v2\/product\/4004","targetHints":{"allow":["GET"]}}],"collection":[{"href":"https:\/\/vohnabrindes.com.br\/index.php\/wp-json\/wp\/v2\/product"}],"about":[{"href":"https:\/\/vohnabrindes.com.br\/index.php\/wp-json\/wp\/v2\/types\/product"}],"replies":[{"embeddable":true,"href":"https:\/\/vohnabrindes.com.br\/index.php\/wp-json\/wp\/v2\/comments?post=4004"}],"version-history":[{"count":1,"href":"https:\/\/vohnabrindes.com.br\/index.php\/wp-json\/wp\/v2\/product\/4004\/revisions"}],"predecessor-version":[{"id":4036,"href":"https:\/\/vohnabrindes.com.br\/index.php\/wp-json\/wp\/v2\/product\/4004\/revisions\/4036"}],"wp:featuredmedia":[{"embeddable":true,"href":"https:\/\/vohnabrindes.com.br\/index.php\/wp-json\/wp\/v2\/media\/620"}],"wp:attachment":[{"href":"https:\/\/vohnabrindes.com.br\/index.php\/wp-json\/wp\/v2\/media?parent=4004"}],"wp:term":[{"taxonomy":"product_cat","embeddable":true,"href":"https:\/\/vohnabrindes.com.br\/index.php\/wp-json\/wp\/v2\/product_cat?post=4004"},{"taxonomy":"product_tag","embeddable":true,"href":"https:\/\/vohnabrindes.com.br\/index.php\/wp-json\/wp\/v2\/product_tag?post=4004"}],"curies":[{"name":"wp","href":"https:\/\/api.w.org\/{rel}","templated":true}]}}