{"id":4008,"date":"2025-05-30T21:38:18","date_gmt":"2025-05-31T00:38:18","guid":{"rendered":"https:\/\/vohnabrindes.com.br\/?post_type=product&#038;p=4008"},"modified":"2025-05-30T21:38:23","modified_gmt":"2025-05-31T00:38:23","slug":"espelho-luxo-personalizado","status":"publish","type":"product","link":"https:\/\/vohnabrindes.com.br\/index.php\/product\/espelho-luxo-personalizado\/","title":{"rendered":"Espelho luxo personalizado."},"content":{"rendered":"<p>94898-TILBURY.<br \/>\nEspelho de bolsa duplo em corti\u00e7a com fecho magn\u00e9tico.<\/p>\n<p>Fornecido em bolsa de papel natural. \u00f873 x 20 mm<\/p>\n","protected":false},"excerpt":{"rendered":"<p>94898-TILBURY. Espelho de bolsa duplo em corti\u00e7a com fecho magn\u00e9tico. Fornecido em bolsa de papel natural. \u00f873 x 20 mm<\/p>\n","protected":false},"featured_media":628,"comment_status":"open","ping_status":"closed","template":"","meta":[],"product_cat":[126,184],"product_tag":[185,186,187],"class_list":["post-4008","product","type-product","status-publish","has-post-thumbnail","hentry","product_cat-linha-ecologica","product_cat-linha-feminina","product_tag-espelho-de-bolsa","product_tag-espelho-de-bolsa-personalizado","product_tag-espelho-de-maquiagem"],"_links":{"self":[{"href":"https:\/\/vohnabrindes.com.br\/index.php\/wp-json\/wp\/v2\/product\/4008","targetHints":{"allow":["GET"]}}],"collection":[{"href":"https:\/\/vohnabrindes.com.br\/index.php\/wp-json\/wp\/v2\/product"}],"about":[{"href":"https:\/\/vohnabrindes.com.br\/index.php\/wp-json\/wp\/v2\/types\/product"}],"replies":[{"embeddable":true,"href":"https:\/\/vohnabrindes.com.br\/index.php\/wp-json\/wp\/v2\/comments?post=4008"}],"version-history":[{"count":1,"href":"https:\/\/vohnabrindes.com.br\/index.php\/wp-json\/wp\/v2\/product\/4008\/revisions"}],"predecessor-version":[{"id":4040,"href":"https:\/\/vohnabrindes.com.br\/index.php\/wp-json\/wp\/v2\/product\/4008\/revisions\/4040"}],"wp:featuredmedia":[{"embeddable":true,"href":"https:\/\/vohnabrindes.com.br\/index.php\/wp-json\/wp\/v2\/media\/628"}],"wp:attachment":[{"href":"https:\/\/vohnabrindes.com.br\/index.php\/wp-json\/wp\/v2\/media?parent=4008"}],"wp:term":[{"taxonomy":"product_cat","embeddable":true,"href":"https:\/\/vohnabrindes.com.br\/index.php\/wp-json\/wp\/v2\/product_cat?post=4008"},{"taxonomy":"product_tag","embeddable":true,"href":"https:\/\/vohnabrindes.com.br\/index.php\/wp-json\/wp\/v2\/product_tag?post=4008"}],"curies":[{"name":"wp","href":"https:\/\/api.w.org\/{rel}","templated":true}]}}