{"id":4046,"date":"2025-05-30T21:38:23","date_gmt":"2025-05-31T00:38:23","guid":{"rendered":"https:\/\/vohnabrindes.com.br\/?post_type=product&#038;p=4046"},"modified":"2025-05-30T21:38:25","modified_gmt":"2025-05-31T00:38:25","slug":"kit-manicure-6-pecas-personalizado","status":"publish","type":"product","link":"https:\/\/vohnabrindes.com.br\/index.php\/product\/kit-manicure-6-pecas-personalizado\/","title":{"rendered":"Kit Manicure 6 Pe\u00e7as personalizado."},"content":{"rendered":"<pre id=\"item_referencia\">01361<\/pre>\n<p class=\"produto-nome\"><span class=\"desc-sub my-desc-sub\">Kit manicure 6 pe\u00e7as em estojo de couro sint\u00e9tico. Possui: lixa, pin\u00e7a, empurrador de cut\u00edcula, cortador de cut\u00edcula, tesoura e cortador de unha. Parte interna de pl\u00e1stico com suporte de couro para fixar as pe\u00e7as. Para abrir o estojo basta apertar o bot\u00e3o central.<\/span><\/p>\n<div class=\"caracs\">\n<div class=\"desc\">\n<p class=\"desc-tit\">Medidas aproximadas para grava\u00e7\u00e3o<span class=\"desc-sub\">\u00a0(CxL):\u00a0 9 cm x 4 cm<\/span><\/p>\n<\/div>\n<div class=\"desc\">\n<p class=\"desc-tit\">Tamanho total aproximado\u00a0<span class=\"desc-sub\">\u00a0(CxL):\u00a0 10,3 cm x 6,2 cm<\/span><\/p>\n<\/div>\n<div class=\"desc\">\n<p class=\"desc-tit\">Peso aproximado<span class=\"desc-sub\">\u00a0(g):\u00a0 105<\/span><\/p>\n<\/div>\n<\/div>\n","protected":false},"excerpt":{"rendered":"<p>01361 Kit manicure 6 pe\u00e7as em estojo de couro sint\u00e9tico. Possui: lixa, pin\u00e7a, empurrador de cut\u00edcula, cortador de cut\u00edcula, tesoura e cortador de unha. Parte interna<span class=\"excerpt-hellip\"> [\u2026]<\/span><\/p>\n","protected":false},"featured_media":648,"comment_status":"open","ping_status":"closed","template":"","meta":[],"product_cat":[194,184],"product_tag":[192,195,193],"class_list":["post-4046","product","type-product","status-publish","has-post-thumbnail","hentry","product_cat-cuidados-pessoais-e-protecao","product_cat-linha-feminina","product_tag-kit-manicure","product_tag-kit-manicure-4-pecas","product_tag-kit-manicure-personalizado"],"_links":{"self":[{"href":"https:\/\/vohnabrindes.com.br\/index.php\/wp-json\/wp\/v2\/product\/4046","targetHints":{"allow":["GET"]}}],"collection":[{"href":"https:\/\/vohnabrindes.com.br\/index.php\/wp-json\/wp\/v2\/product"}],"about":[{"href":"https:\/\/vohnabrindes.com.br\/index.php\/wp-json\/wp\/v2\/types\/product"}],"replies":[{"embeddable":true,"href":"https:\/\/vohnabrindes.com.br\/index.php\/wp-json\/wp\/v2\/comments?post=4046"}],"version-history":[{"count":1,"href":"https:\/\/vohnabrindes.com.br\/index.php\/wp-json\/wp\/v2\/product\/4046\/revisions"}],"predecessor-version":[{"id":4076,"href":"https:\/\/vohnabrindes.com.br\/index.php\/wp-json\/wp\/v2\/product\/4046\/revisions\/4076"}],"wp:featuredmedia":[{"embeddable":true,"href":"https:\/\/vohnabrindes.com.br\/index.php\/wp-json\/wp\/v2\/media\/648"}],"wp:attachment":[{"href":"https:\/\/vohnabrindes.com.br\/index.php\/wp-json\/wp\/v2\/media?parent=4046"}],"wp:term":[{"taxonomy":"product_cat","embeddable":true,"href":"https:\/\/vohnabrindes.com.br\/index.php\/wp-json\/wp\/v2\/product_cat?post=4046"},{"taxonomy":"product_tag","embeddable":true,"href":"https:\/\/vohnabrindes.com.br\/index.php\/wp-json\/wp\/v2\/product_tag?post=4046"}],"curies":[{"name":"wp","href":"https:\/\/api.w.org\/{rel}","templated":true}]}}