{"id":4047,"date":"2025-05-30T21:38:23","date_gmt":"2025-05-31T00:38:23","guid":{"rendered":"https:\/\/vohnabrindes.com.br\/?post_type=product&#038;p=4047"},"modified":"2025-05-30T21:38:25","modified_gmt":"2025-05-31T00:38:25","slug":"kit-manicure-15-pecas-personalizada","status":"publish","type":"product","link":"https:\/\/vohnabrindes.com.br\/index.php\/product\/kit-manicure-15-pecas-personalizada\/","title":{"rendered":"Kit Manicure 15 Pe\u00e7as personalizada."},"content":{"rendered":"<pre id=\"item_referencia\">10127<\/pre>\n<p class=\"produto-nome\"><span class=\"desc-sub my-desc-sub\">Kit manicure 15 pe\u00e7as em estojo de couro sint\u00e9tico com z\u00edper, parte interna revestida com pl\u00e1stico em relevo e el\u00e1stico para fixa\u00e7\u00e3o dos itens. Possui: pente, removedor de pelos, espelho duplo, empurrador de cut\u00edcula, pin\u00e7a, cortador de unha, tesoura, mini kit unha 3 em 1(empurrador de cut\u00edcula, lixa, limpador de unha), cortador de cut\u00edcula e 6 pinc\u00e9is: blush, sombra, esfumador, c\u00f4ncavo, batom e pente para sobrancelhas.<\/span><\/p>\n<div class=\"caracs\">\n<div class=\"desc\">\n<p class=\"desc-tit\">Medidas aproximadas para grava\u00e7\u00e3o<span class=\"desc-sub\">\u00a0(CxL):\u00a0 17,5 cm x 12,5 cm<\/span><\/p>\n<\/div>\n<div class=\"desc\">\n<p class=\"desc-tit\">Tamanho total aproximado\u00a0<span class=\"desc-sub\">\u00a0(CxL):\u00a0 18,5 cm x 13,2 cm<\/span><\/p>\n<\/div>\n<div class=\"desc\">\n<p class=\"desc-tit\">Peso aproximado<span class=\"desc-sub\">\u00a0(g):\u00a0 327<\/span><\/p>\n<\/div>\n<\/div>\n","protected":false},"excerpt":{"rendered":"<p>10127 Kit manicure 15 pe\u00e7as em estojo de couro sint\u00e9tico com z\u00edper, parte interna revestida com pl\u00e1stico em relevo e el\u00e1stico para fixa\u00e7\u00e3o dos itens. Possui:<span class=\"excerpt-hellip\"> [\u2026]<\/span><\/p>\n","protected":false},"featured_media":650,"comment_status":"open","ping_status":"closed","template":"","meta":[],"product_cat":[194,184],"product_tag":[190,196,197,198,192],"class_list":["post-4047","product","type-product","status-publish","has-post-thumbnail","hentry","product_cat-cuidados-pessoais-e-protecao","product_cat-linha-feminina","product_tag-brindes-femininos","product_tag-brindes-saude","product_tag-chaveiro-kit-manicure","product_tag-kit-higiene","product_tag-kit-manicure"],"_links":{"self":[{"href":"https:\/\/vohnabrindes.com.br\/index.php\/wp-json\/wp\/v2\/product\/4047","targetHints":{"allow":["GET"]}}],"collection":[{"href":"https:\/\/vohnabrindes.com.br\/index.php\/wp-json\/wp\/v2\/product"}],"about":[{"href":"https:\/\/vohnabrindes.com.br\/index.php\/wp-json\/wp\/v2\/types\/product"}],"replies":[{"embeddable":true,"href":"https:\/\/vohnabrindes.com.br\/index.php\/wp-json\/wp\/v2\/comments?post=4047"}],"version-history":[{"count":1,"href":"https:\/\/vohnabrindes.com.br\/index.php\/wp-json\/wp\/v2\/product\/4047\/revisions"}],"predecessor-version":[{"id":4077,"href":"https:\/\/vohnabrindes.com.br\/index.php\/wp-json\/wp\/v2\/product\/4047\/revisions\/4077"}],"wp:featuredmedia":[{"embeddable":true,"href":"https:\/\/vohnabrindes.com.br\/index.php\/wp-json\/wp\/v2\/media\/650"}],"wp:attachment":[{"href":"https:\/\/vohnabrindes.com.br\/index.php\/wp-json\/wp\/v2\/media?parent=4047"}],"wp:term":[{"taxonomy":"product_cat","embeddable":true,"href":"https:\/\/vohnabrindes.com.br\/index.php\/wp-json\/wp\/v2\/product_cat?post=4047"},{"taxonomy":"product_tag","embeddable":true,"href":"https:\/\/vohnabrindes.com.br\/index.php\/wp-json\/wp\/v2\/product_tag?post=4047"}],"curies":[{"name":"wp","href":"https:\/\/api.w.org\/{rel}","templated":true}]}}