{"id":4048,"date":"2025-05-30T21:38:23","date_gmt":"2025-05-31T00:38:23","guid":{"rendered":"https:\/\/vohnabrindes.com.br\/?post_type=product&#038;p=4048"},"modified":"2025-05-30T21:38:25","modified_gmt":"2025-05-31T00:38:25","slug":"kit-de-manicure-personalizado","status":"publish","type":"product","link":"https:\/\/vohnabrindes.com.br\/index.php\/product\/kit-de-manicure-personalizado\/","title":{"rendered":"Kit de manicure personalizado."},"content":{"rendered":"<div class=\"ref\">94843-NADIA.<\/div>\n<div>Kit de manicure<\/div>\n<div class=\"texto\">Conjunto de 4 pe\u00e7as para manicure: cortador de unhas, tesoura, pin\u00e7a e empurra cut\u00edculas.<\/div>\n<div class=\"texto\">Fornecido em estojo.<\/div>\n<div class=\"texto\">dimens\u00f5es:100 x 53 x 20 mm<\/div>\n<div>cor azul, rosa , preto e branco<\/div>\n","protected":false},"excerpt":{"rendered":"<p>94843-NADIA. Kit de manicure Conjunto de 4 pe\u00e7as para manicure: cortador de unhas, tesoura, pin\u00e7a e empurra cut\u00edculas. Fornecido em estojo. dimens\u00f5es:100 x 53 x 20<span class=\"excerpt-hellip\"> [\u2026]<\/span><\/p>\n","protected":false},"featured_media":652,"comment_status":"open","ping_status":"closed","template":"","meta":[],"product_cat":[194,184],"product_tag":[198,192,195],"class_list":["post-4048","product","type-product","status-publish","has-post-thumbnail","hentry","product_cat-cuidados-pessoais-e-protecao","product_cat-linha-feminina","product_tag-kit-higiene","product_tag-kit-manicure","product_tag-kit-manicure-4-pecas"],"_links":{"self":[{"href":"https:\/\/vohnabrindes.com.br\/index.php\/wp-json\/wp\/v2\/product\/4048","targetHints":{"allow":["GET"]}}],"collection":[{"href":"https:\/\/vohnabrindes.com.br\/index.php\/wp-json\/wp\/v2\/product"}],"about":[{"href":"https:\/\/vohnabrindes.com.br\/index.php\/wp-json\/wp\/v2\/types\/product"}],"replies":[{"embeddable":true,"href":"https:\/\/vohnabrindes.com.br\/index.php\/wp-json\/wp\/v2\/comments?post=4048"}],"version-history":[{"count":1,"href":"https:\/\/vohnabrindes.com.br\/index.php\/wp-json\/wp\/v2\/product\/4048\/revisions"}],"predecessor-version":[{"id":4078,"href":"https:\/\/vohnabrindes.com.br\/index.php\/wp-json\/wp\/v2\/product\/4048\/revisions\/4078"}],"wp:featuredmedia":[{"embeddable":true,"href":"https:\/\/vohnabrindes.com.br\/index.php\/wp-json\/wp\/v2\/media\/652"}],"wp:attachment":[{"href":"https:\/\/vohnabrindes.com.br\/index.php\/wp-json\/wp\/v2\/media?parent=4048"}],"wp:term":[{"taxonomy":"product_cat","embeddable":true,"href":"https:\/\/vohnabrindes.com.br\/index.php\/wp-json\/wp\/v2\/product_cat?post=4048"},{"taxonomy":"product_tag","embeddable":true,"href":"https:\/\/vohnabrindes.com.br\/index.php\/wp-json\/wp\/v2\/product_tag?post=4048"}],"curies":[{"name":"wp","href":"https:\/\/api.w.org\/{rel}","templated":true}]}}