{"id":4051,"date":"2025-05-30T21:38:23","date_gmt":"2025-05-31T00:38:23","guid":{"rendered":"https:\/\/vohnabrindes.com.br\/?post_type=product&#038;p=4051"},"modified":"2025-05-30T21:38:25","modified_gmt":"2025-05-31T00:38:25","slug":"kit-manicure-16-pecas-personalizada","status":"publish","type":"product","link":"https:\/\/vohnabrindes.com.br\/index.php\/product\/kit-manicure-16-pecas-personalizada\/","title":{"rendered":"Kit Manicure 16 Pe\u00e7as personalizada."},"content":{"rendered":"<pre id=\"item_referencia\">18724<\/pre>\n<p class=\"produto-nome\"><span class=\"desc-sub my-desc-sub\">Kit manicure 16 pe\u00e7as em estojo de couro sint\u00e9tico estilo envelope, cont\u00e9m: tesoura, alicate de cut\u00edcula, pin\u00e7a, 3 cortadores de unha, lixa, 2 bisturis, raspador, empurrador de cut\u00edcula, removedor de cut\u00edcula, esp\u00e1tula dupla para limpeza das unhas, limpador de ouvido, palito de unha e esp\u00e1tula para ouvido.<\/span><\/p>\n<div class=\"caracs\">\n<div class=\"desc\">\n<p class=\"desc-tit\">Largura<span class=\"desc-sub\">\u00a0:\u00a0 13,8 cm<\/span><\/p>\n<\/div>\n<div class=\"desc\">\n<p class=\"desc-tit\">Espessura<span class=\"desc-sub\">\u00a0:\u00a0 1,6 cm<\/span><\/p>\n<\/div>\n<div class=\"desc\">\n<p class=\"desc-tit\">Comprimento<span class=\"desc-sub\">\u00a0:\u00a0 10,7 cm<\/span><\/p>\n<\/div>\n<div class=\"desc\">\n<p class=\"desc-tit\">Medidas aproximadas para grava\u00e7\u00e3o<span class=\"desc-sub\">\u00a0(CxL):\u00a0 4 cm x 10 cm<\/span><\/p>\n<\/div>\n<div class=\"desc\">\n<p class=\"desc-tit\">Peso aproximado<span class=\"desc-sub\">\u00a0(g):\u00a0 185<\/span><\/p>\n<\/div>\n<\/div>\n","protected":false},"excerpt":{"rendered":"<p>18724 Kit manicure 16 pe\u00e7as em estojo de couro sint\u00e9tico estilo envelope, cont\u00e9m: tesoura, alicate de cut\u00edcula, pin\u00e7a, 3 cortadores de unha, lixa, 2 bisturis, raspador,<span class=\"excerpt-hellip\"> [\u2026]<\/span><\/p>\n","protected":false},"featured_media":657,"comment_status":"open","ping_status":"closed","template":"","meta":[],"product_cat":[194,184],"product_tag":[198,202,193],"class_list":["post-4051","product","type-product","status-publish","has-post-thumbnail","hentry","product_cat-cuidados-pessoais-e-protecao","product_cat-linha-feminina","product_tag-kit-higiene","product_tag-kit-manicure-16-pecas","product_tag-kit-manicure-personalizado"],"_links":{"self":[{"href":"https:\/\/vohnabrindes.com.br\/index.php\/wp-json\/wp\/v2\/product\/4051","targetHints":{"allow":["GET"]}}],"collection":[{"href":"https:\/\/vohnabrindes.com.br\/index.php\/wp-json\/wp\/v2\/product"}],"about":[{"href":"https:\/\/vohnabrindes.com.br\/index.php\/wp-json\/wp\/v2\/types\/product"}],"replies":[{"embeddable":true,"href":"https:\/\/vohnabrindes.com.br\/index.php\/wp-json\/wp\/v2\/comments?post=4051"}],"version-history":[{"count":1,"href":"https:\/\/vohnabrindes.com.br\/index.php\/wp-json\/wp\/v2\/product\/4051\/revisions"}],"predecessor-version":[{"id":4081,"href":"https:\/\/vohnabrindes.com.br\/index.php\/wp-json\/wp\/v2\/product\/4051\/revisions\/4081"}],"wp:featuredmedia":[{"embeddable":true,"href":"https:\/\/vohnabrindes.com.br\/index.php\/wp-json\/wp\/v2\/media\/657"}],"wp:attachment":[{"href":"https:\/\/vohnabrindes.com.br\/index.php\/wp-json\/wp\/v2\/media?parent=4051"}],"wp:term":[{"taxonomy":"product_cat","embeddable":true,"href":"https:\/\/vohnabrindes.com.br\/index.php\/wp-json\/wp\/v2\/product_cat?post=4051"},{"taxonomy":"product_tag","embeddable":true,"href":"https:\/\/vohnabrindes.com.br\/index.php\/wp-json\/wp\/v2\/product_tag?post=4051"}],"curies":[{"name":"wp","href":"https:\/\/api.w.org\/{rel}","templated":true}]}}