{"id":4053,"date":"2025-05-30T21:38:24","date_gmt":"2025-05-31T00:38:24","guid":{"rendered":"https:\/\/vohnabrindes.com.br\/?post_type=product&#038;p=4053"},"modified":"2025-05-30T21:38:25","modified_gmt":"2025-05-31T00:38:25","slug":"conjunto-de-6-lixas-personalizado","status":"publish","type":"product","link":"https:\/\/vohnabrindes.com.br\/index.php\/product\/conjunto-de-6-lixas-personalizado\/","title":{"rendered":"Conjunto de 6 lixas personalizado."},"content":{"rendered":"<div class=\"ref\">94856-ANISTON.<\/div>\n<div class=\"texto\">Conjunto de 6 lixas para unhas fornecido em caixa de cart\u00e3o personaliz\u00e1vel.<\/div>\n<div class=\"texto\">dimens\u00f5es:\u00a0 55 x 61 x 6 mm<\/div>\n","protected":false},"excerpt":{"rendered":"<p>94856-ANISTON. Conjunto de 6 lixas para unhas fornecido em caixa de cart\u00e3o personaliz\u00e1vel. dimens\u00f5es:\u00a0 55 x 61 x 6 mm<\/p>\n","protected":false},"featured_media":672,"comment_status":"open","ping_status":"closed","template":"","meta":[],"product_cat":[194,184],"product_tag":[204,190,205,200],"class_list":["post-4053","product","type-product","status-publish","has-post-thumbnail","hentry","product_cat-cuidados-pessoais-e-protecao","product_cat-linha-feminina","product_tag-brindes-femi","product_tag-brindes-femininos","product_tag-conjunto-de-6-lixas","product_tag-kit-lixa"],"_links":{"self":[{"href":"https:\/\/vohnabrindes.com.br\/index.php\/wp-json\/wp\/v2\/product\/4053","targetHints":{"allow":["GET"]}}],"collection":[{"href":"https:\/\/vohnabrindes.com.br\/index.php\/wp-json\/wp\/v2\/product"}],"about":[{"href":"https:\/\/vohnabrindes.com.br\/index.php\/wp-json\/wp\/v2\/types\/product"}],"replies":[{"embeddable":true,"href":"https:\/\/vohnabrindes.com.br\/index.php\/wp-json\/wp\/v2\/comments?post=4053"}],"version-history":[{"count":1,"href":"https:\/\/vohnabrindes.com.br\/index.php\/wp-json\/wp\/v2\/product\/4053\/revisions"}],"predecessor-version":[{"id":4083,"href":"https:\/\/vohnabrindes.com.br\/index.php\/wp-json\/wp\/v2\/product\/4053\/revisions\/4083"}],"wp:featuredmedia":[{"embeddable":true,"href":"https:\/\/vohnabrindes.com.br\/index.php\/wp-json\/wp\/v2\/media\/672"}],"wp:attachment":[{"href":"https:\/\/vohnabrindes.com.br\/index.php\/wp-json\/wp\/v2\/media?parent=4053"}],"wp:term":[{"taxonomy":"product_cat","embeddable":true,"href":"https:\/\/vohnabrindes.com.br\/index.php\/wp-json\/wp\/v2\/product_cat?post=4053"},{"taxonomy":"product_tag","embeddable":true,"href":"https:\/\/vohnabrindes.com.br\/index.php\/wp-json\/wp\/v2\/product_tag?post=4053"}],"curies":[{"name":"wp","href":"https:\/\/api.w.org\/{rel}","templated":true}]}}