{"id":4058,"date":"2025-05-30T21:38:24","date_gmt":"2025-05-31T00:38:24","guid":{"rendered":"https:\/\/vohnabrindes.com.br\/?post_type=product&#038;p=4058"},"modified":"2025-05-30T21:38:28","modified_gmt":"2025-05-31T00:38:28","slug":"caneta-plastica-touch-com-suporte-personalizadas","status":"publish","type":"product","link":"https:\/\/vohnabrindes.com.br\/index.php\/product\/caneta-plastica-touch-com-suporte-personalizadas\/","title":{"rendered":"Caneta Pl\u00e1stica Touch com Suporte personalizadas."},"content":{"rendered":"<pre>\r\n\r\n00708<\/pre>\n<div class=\"caracs\">\n<div class=\"desc\">\n<p class=\"desc-tit\"><span class=\"desc-sub my-desc-sub\">Caneta pl\u00e1stica com suporte para celular, ponteira touch screen e limpador de tela. Carga esferogr\u00e1fica azul e acionamento por rota\u00e7\u00e3o.<\/span><\/p>\n<\/div>\n<div class=\"desc\">\n<p class=\"desc-tit\">Largura<span class=\"desc-sub\">\u00a0:\u00a0 1,9 cm<\/span><\/p>\n<\/div>\n<div class=\"desc\">\n<p class=\"desc-tit\">Comprimento<span class=\"desc-sub\">\u00a0:\u00a0 14,9 cm<\/span><\/p>\n<\/div>\n<div class=\"desc\">\n<p class=\"desc-tit\">Medidas aproximadas para grava\u00e7\u00e3o<span class=\"desc-sub\">\u00a0(CxL):\u00a0 Clip 4 cm x 1 cm<\/span><\/p>\n<\/div>\n<div class=\"desc\">\n<p class=\"desc-tit\">Peso aproximado<span class=\"desc-sub\">\u00a0(g):\u00a0 10<\/span><\/p>\n<\/div>\n<\/div>\n","protected":false},"excerpt":{"rendered":"<p>00708 Caneta pl\u00e1stica com suporte para celular, ponteira touch screen e limpador de tela. Carga esferogr\u00e1fica azul e acionamento por rota\u00e7\u00e3o. Largura\u00a0:\u00a0 1,9 cm Comprimento\u00a0:\u00a0 14,9<span class=\"excerpt-hellip\"> [\u2026]<\/span><\/p>\n","protected":false},"featured_media":683,"comment_status":"open","ping_status":"closed","template":"","meta":[],"product_cat":[219,220],"product_tag":[221,222,223,224,225],"class_list":["post-4058","product","type-product","status-publish","has-post-thumbnail","hentry","product_cat-canetas","product_cat-canetas-plasticas","product_tag-caneta-personalizada","product_tag-caneta-personallizada","product_tag-caneta-plastica-touch-com-suporte","product_tag-caneta-plastica-touch-com-suporte-personalizada","product_tag-caneta-touch"],"_links":{"self":[{"href":"https:\/\/vohnabrindes.com.br\/index.php\/wp-json\/wp\/v2\/product\/4058","targetHints":{"allow":["GET"]}}],"collection":[{"href":"https:\/\/vohnabrindes.com.br\/index.php\/wp-json\/wp\/v2\/product"}],"about":[{"href":"https:\/\/vohnabrindes.com.br\/index.php\/wp-json\/wp\/v2\/types\/product"}],"replies":[{"embeddable":true,"href":"https:\/\/vohnabrindes.com.br\/index.php\/wp-json\/wp\/v2\/comments?post=4058"}],"version-history":[{"count":1,"href":"https:\/\/vohnabrindes.com.br\/index.php\/wp-json\/wp\/v2\/product\/4058\/revisions"}],"predecessor-version":[{"id":4089,"href":"https:\/\/vohnabrindes.com.br\/index.php\/wp-json\/wp\/v2\/product\/4058\/revisions\/4089"}],"wp:featuredmedia":[{"embeddable":true,"href":"https:\/\/vohnabrindes.com.br\/index.php\/wp-json\/wp\/v2\/media\/683"}],"wp:attachment":[{"href":"https:\/\/vohnabrindes.com.br\/index.php\/wp-json\/wp\/v2\/media?parent=4058"}],"wp:term":[{"taxonomy":"product_cat","embeddable":true,"href":"https:\/\/vohnabrindes.com.br\/index.php\/wp-json\/wp\/v2\/product_cat?post=4058"},{"taxonomy":"product_tag","embeddable":true,"href":"https:\/\/vohnabrindes.com.br\/index.php\/wp-json\/wp\/v2\/product_tag?post=4058"}],"curies":[{"name":"wp","href":"https:\/\/api.w.org\/{rel}","templated":true}]}}