{"id":4062,"date":"2025-05-30T21:38:24","date_gmt":"2025-05-31T00:38:24","guid":{"rendered":"https:\/\/vohnabrindes.com.br\/?post_type=product&#038;p=4062"},"modified":"2025-05-30T21:38:28","modified_gmt":"2025-05-31T00:38:28","slug":"caneca-inox-parede-dupla-230ml-personalizada","status":"publish","type":"product","link":"https:\/\/vohnabrindes.com.br\/index.php\/product\/caneca-inox-parede-dupla-230ml-personalizada\/","title":{"rendered":"Caneca Inox Parede Dupla 230ml personalizada."},"content":{"rendered":"<pre id=\"item_referencia\">18622<\/pre>\n<p class=\"produto-nome\"><span class=\"desc-sub my-desc-sub\">Caneca 230ml parede dupla em Inox, com pegador de pl\u00e1stico, cont\u00e9m tampa pl\u00e1stica para veda\u00e7\u00e3o e base com EVA antiderrapante.<\/span><\/p>\n<div class=\"caracs\">\n<div class=\"desc\">\n<p class=\"desc-tit\">Altura<span class=\"desc-sub\">\u00a0:\u00a0 9,7 cm<\/span><\/p>\n<\/div>\n<div class=\"desc\">\n<p class=\"desc-tit\">Largura<span class=\"desc-sub\">\u00a0:\u00a0 11 cm<\/span><\/p>\n<\/div>\n<div class=\"desc\">\n<p class=\"desc-tit\">Circunfer\u00eancia<span class=\"desc-sub\">\u00a0:\u00a0 22 cm<\/span><\/p>\n<\/div>\n<div class=\"desc\">\n<p class=\"desc-tit\">Medidas aproximadas para grava\u00e7\u00e3o<span class=\"desc-sub\">\u00a0(CxL):\u00a0 7 cm x 8 cm<\/span><\/p>\n<\/div>\n<div class=\"desc\">\n<p class=\"desc-tit\">Peso aproximado<span class=\"desc-sub\">\u00a0(g):\u00a0 127<\/span><\/p>\n<\/div>\n<\/div>\n","protected":false},"excerpt":{"rendered":"<p>18622 Caneca 230ml parede dupla em Inox, com pegador de pl\u00e1stico, cont\u00e9m tampa pl\u00e1stica para veda\u00e7\u00e3o e base com EVA antiderrapante. Altura\u00a0:\u00a0 9,7 cm Largura\u00a0:\u00a0 11<span class=\"excerpt-hellip\"> [\u2026]<\/span><\/p>\n","protected":false},"featured_media":698,"comment_status":"open","ping_status":"closed","template":"","meta":[],"product_cat":[135],"product_tag":[226,231,232,227],"class_list":["post-4062","product","type-product","status-publish","has-post-thumbnail","hentry","product_cat-canecas-e-copos","product_tag-caneca","product_tag-caneca-com-tampa","product_tag-caneca-inox-parede-dupla-230ml-personalizada","product_tag-caneca-personalizada"],"_links":{"self":[{"href":"https:\/\/vohnabrindes.com.br\/index.php\/wp-json\/wp\/v2\/product\/4062","targetHints":{"allow":["GET"]}}],"collection":[{"href":"https:\/\/vohnabrindes.com.br\/index.php\/wp-json\/wp\/v2\/product"}],"about":[{"href":"https:\/\/vohnabrindes.com.br\/index.php\/wp-json\/wp\/v2\/types\/product"}],"replies":[{"embeddable":true,"href":"https:\/\/vohnabrindes.com.br\/index.php\/wp-json\/wp\/v2\/comments?post=4062"}],"version-history":[{"count":1,"href":"https:\/\/vohnabrindes.com.br\/index.php\/wp-json\/wp\/v2\/product\/4062\/revisions"}],"predecessor-version":[{"id":4093,"href":"https:\/\/vohnabrindes.com.br\/index.php\/wp-json\/wp\/v2\/product\/4062\/revisions\/4093"}],"wp:featuredmedia":[{"embeddable":true,"href":"https:\/\/vohnabrindes.com.br\/index.php\/wp-json\/wp\/v2\/media\/698"}],"wp:attachment":[{"href":"https:\/\/vohnabrindes.com.br\/index.php\/wp-json\/wp\/v2\/media?parent=4062"}],"wp:term":[{"taxonomy":"product_cat","embeddable":true,"href":"https:\/\/vohnabrindes.com.br\/index.php\/wp-json\/wp\/v2\/product_cat?post=4062"},{"taxonomy":"product_tag","embeddable":true,"href":"https:\/\/vohnabrindes.com.br\/index.php\/wp-json\/wp\/v2\/product_tag?post=4062"}],"curies":[{"name":"wp","href":"https:\/\/api.w.org\/{rel}","templated":true}]}}