{"id":4064,"date":"2025-05-30T21:38:24","date_gmt":"2025-05-31T00:38:24","guid":{"rendered":"https:\/\/vohnabrindes.com.br\/?post_type=product&#038;p=4064"},"modified":"2025-05-30T21:38:28","modified_gmt":"2025-05-31T00:38:28","slug":"caneca-inox-400ml-personalizada","status":"publish","type":"product","link":"https:\/\/vohnabrindes.com.br\/index.php\/product\/caneca-inox-400ml-personalizada\/","title":{"rendered":"Caneca Inox 400ml personalizada."},"content":{"rendered":"<pre id=\"item_referencia\">03889<\/pre>\n<p class=\"produto-nome\">Caneca Inox 400ml<\/p>\n<div class=\"caracs\">\n<div class=\"desc\">\n<p class=\"desc-tit\"><span class=\"desc-sub my-desc-sub\">Caneca de inox com detalhes pl\u00e1sticos, capacidade de 400ml. Tampa com veda\u00e7\u00e3o e bocal com trava de seguran\u00e7a.<\/span><\/p>\n<\/div>\n<\/div>\n","protected":false},"excerpt":{"rendered":"<p>03889 Caneca Inox 400ml Caneca de inox com detalhes pl\u00e1sticos, capacidade de 400ml. Tampa com veda\u00e7\u00e3o e bocal com trava de seguran\u00e7a.<\/p>\n","protected":false},"featured_media":702,"comment_status":"open","ping_status":"closed","template":"","meta":[],"product_cat":[135],"product_tag":[226,235,227],"class_list":["post-4064","product","type-product","status-publish","has-post-thumbnail","hentry","product_cat-canecas-e-copos","product_tag-caneca","product_tag-caneca-inox-400ml-personalizada","product_tag-caneca-personalizada"],"_links":{"self":[{"href":"https:\/\/vohnabrindes.com.br\/index.php\/wp-json\/wp\/v2\/product\/4064","targetHints":{"allow":["GET"]}}],"collection":[{"href":"https:\/\/vohnabrindes.com.br\/index.php\/wp-json\/wp\/v2\/product"}],"about":[{"href":"https:\/\/vohnabrindes.com.br\/index.php\/wp-json\/wp\/v2\/types\/product"}],"replies":[{"embeddable":true,"href":"https:\/\/vohnabrindes.com.br\/index.php\/wp-json\/wp\/v2\/comments?post=4064"}],"version-history":[{"count":1,"href":"https:\/\/vohnabrindes.com.br\/index.php\/wp-json\/wp\/v2\/product\/4064\/revisions"}],"predecessor-version":[{"id":4095,"href":"https:\/\/vohnabrindes.com.br\/index.php\/wp-json\/wp\/v2\/product\/4064\/revisions\/4095"}],"wp:featuredmedia":[{"embeddable":true,"href":"https:\/\/vohnabrindes.com.br\/index.php\/wp-json\/wp\/v2\/media\/702"}],"wp:attachment":[{"href":"https:\/\/vohnabrindes.com.br\/index.php\/wp-json\/wp\/v2\/media?parent=4064"}],"wp:term":[{"taxonomy":"product_cat","embeddable":true,"href":"https:\/\/vohnabrindes.com.br\/index.php\/wp-json\/wp\/v2\/product_cat?post=4064"},{"taxonomy":"product_tag","embeddable":true,"href":"https:\/\/vohnabrindes.com.br\/index.php\/wp-json\/wp\/v2\/product_tag?post=4064"}],"curies":[{"name":"wp","href":"https:\/\/api.w.org\/{rel}","templated":true}]}}