{"id":4106,"date":"2025-05-30T21:38:29","date_gmt":"2025-05-31T00:38:29","guid":{"rendered":"https:\/\/vohnabrindes.com.br\/?post_type=product&#038;p=4106"},"modified":"2025-05-30T21:38:31","modified_gmt":"2025-05-31T00:38:31","slug":"caneca-termica-500ml-personalizada","status":"publish","type":"product","link":"https:\/\/vohnabrindes.com.br\/index.php\/product\/caneca-termica-500ml-personalizada\/","title":{"rendered":"Caneca T\u00e9rmica 500ml personalizada."},"content":{"rendered":"<pre id=\"item_referencia\">18700<\/pre>\n<p class=\"produto-nome\"><span class=\"desc-sub my-desc-sub\">Caneca t\u00e9rmica feita em inox 304 com parede dupla, capacidade de 500ml. Cont\u00e9m tampa com acesso para o bocal, al\u00e7a pl\u00e1stica e base antiderrapante.<\/span><\/p>\n<div class=\"caracs\">\n<div class=\"desc\">\n<p class=\"desc-tit\">Altura<span class=\"desc-sub\">\u00a0:\u00a0 16 cm<\/span><\/p>\n<\/div>\n<div class=\"desc\">\n<p class=\"desc-tit\">Largura<span class=\"desc-sub\">\u00a0:\u00a0 9,4 cm<\/span><\/p>\n<\/div>\n<div class=\"desc\">\n<p class=\"desc-tit\">Circunfer\u00eancia<span class=\"desc-sub\">\u00a0:\u00a0 29,7 cm<\/span><\/p>\n<\/div>\n<div class=\"desc\">\n<p class=\"desc-tit\">Comprimento<span class=\"desc-sub\">\u00a0:\u00a0 Com al\u00e7a 13,3 cm<\/span><\/p>\n<\/div>\n<div class=\"desc\">\n<p class=\"desc-tit\">Medidas aproximadas para grava\u00e7\u00e3o<span class=\"desc-sub\">\u00a0(CxL):\u00a0 10,5 cm x 5 cm<\/span><\/p>\n<\/div>\n<div class=\"desc\">\n<p class=\"desc-tit\">Tamanho total aproximado\u00a0<span class=\"desc-sub\">\u00a0(CxL):\u00a0 Di\u00e2metro sem tampa 7,5 cm<\/span><\/p>\n<\/div>\n<div class=\"desc\">\n<p class=\"desc-tit\">Peso aproximado<span class=\"desc-sub\">\u00a0(g):\u00a0 304<\/span><\/p>\n<\/div>\n<\/div>\n","protected":false},"excerpt":{"rendered":"<p>18700 Caneca t\u00e9rmica feita em inox 304 com parede dupla, capacidade de 500ml. Cont\u00e9m tampa com acesso para o bocal, al\u00e7a pl\u00e1stica e base antiderrapante. Altura\u00a0:\u00a0<span class=\"excerpt-hellip\"> [\u2026]<\/span><\/p>\n","protected":false},"featured_media":736,"comment_status":"open","ping_status":"closed","template":"","meta":[],"product_cat":[135],"product_tag":[226,227,238,248],"class_list":["post-4106","product","type-product","status-publish","has-post-thumbnail","hentry","product_cat-canecas-e-copos","product_tag-caneca","product_tag-caneca-personalizada","product_tag-caneca-termica","product_tag-caneca-termica-500ml"],"_links":{"self":[{"href":"https:\/\/vohnabrindes.com.br\/index.php\/wp-json\/wp\/v2\/product\/4106","targetHints":{"allow":["GET"]}}],"collection":[{"href":"https:\/\/vohnabrindes.com.br\/index.php\/wp-json\/wp\/v2\/product"}],"about":[{"href":"https:\/\/vohnabrindes.com.br\/index.php\/wp-json\/wp\/v2\/types\/product"}],"replies":[{"embeddable":true,"href":"https:\/\/vohnabrindes.com.br\/index.php\/wp-json\/wp\/v2\/comments?post=4106"}],"version-history":[{"count":1,"href":"https:\/\/vohnabrindes.com.br\/index.php\/wp-json\/wp\/v2\/product\/4106\/revisions"}],"predecessor-version":[{"id":4136,"href":"https:\/\/vohnabrindes.com.br\/index.php\/wp-json\/wp\/v2\/product\/4106\/revisions\/4136"}],"wp:featuredmedia":[{"embeddable":true,"href":"https:\/\/vohnabrindes.com.br\/index.php\/wp-json\/wp\/v2\/media\/736"}],"wp:attachment":[{"href":"https:\/\/vohnabrindes.com.br\/index.php\/wp-json\/wp\/v2\/media?parent=4106"}],"wp:term":[{"taxonomy":"product_cat","embeddable":true,"href":"https:\/\/vohnabrindes.com.br\/index.php\/wp-json\/wp\/v2\/product_cat?post=4106"},{"taxonomy":"product_tag","embeddable":true,"href":"https:\/\/vohnabrindes.com.br\/index.php\/wp-json\/wp\/v2\/product_tag?post=4106"}],"curies":[{"name":"wp","href":"https:\/\/api.w.org\/{rel}","templated":true}]}}