{"id":4108,"date":"2025-05-30T21:38:29","date_gmt":"2025-05-31T00:38:29","guid":{"rendered":"https:\/\/vohnabrindes.com.br\/?post_type=product&#038;p=4108"},"modified":"2025-05-30T21:38:31","modified_gmt":"2025-05-31T00:38:31","slug":"caneca-termica-inox-com-abridor-500ml-personalizada","status":"publish","type":"product","link":"https:\/\/vohnabrindes.com.br\/index.php\/product\/caneca-termica-inox-com-abridor-500ml-personalizada\/","title":{"rendered":"Caneca T\u00e9rmica Inox com Abridor 500ml personalizada."},"content":{"rendered":"<pre id=\"item_referencia\">04082<\/pre>\n<p class=\"produto-nome\"><span class=\"desc-sub my-desc-sub\">Caneca t\u00e9rmica de inox com capacidade para 500ml. Acompanha uma tampa de pl\u00e1stico e um abridor de garrafas. O abridor fica preso em um encaixe existente na tampa, por\u00e9m \u00e9 remov\u00edvel.<\/span><\/p>\n<div class=\"caracs\">\n<div class=\"desc\">\n<p class=\"desc-tit\">Altura<span class=\"desc-sub\">\u00a0:\u00a0 17,3 cm<\/span><\/p>\n<\/div>\n<div class=\"desc\">\n<p class=\"desc-tit\">Largura<span class=\"desc-sub\">\u00a0:\u00a0 11,8cm<\/span><\/p>\n<\/div>\n<div class=\"desc\">\n<p class=\"desc-tit\">Circunfer\u00eancia<span class=\"desc-sub\">\u00a0:\u00a0 29,2cm<\/span><\/p>\n<\/div>\n<div class=\"desc\">\n<p class=\"desc-tit\">Medidas aproximadas para grava\u00e7\u00e3o<span class=\"desc-sub\">\u00a0(CxL):\u00a0 10cm X 5cm<\/span><\/p>\n<\/div>\n<div class=\"desc\">\n<p class=\"desc-tit\">Peso aproximado<span class=\"desc-sub\">\u00a0(g):\u00a0 360<\/span><\/p>\n<\/div>\n<\/div>\n","protected":false},"excerpt":{"rendered":"<p>04082 Caneca t\u00e9rmica de inox com capacidade para 500ml. Acompanha uma tampa de pl\u00e1stico e um abridor de garrafas. O abridor fica preso em um encaixe<span class=\"excerpt-hellip\"> [\u2026]<\/span><\/p>\n","protected":false},"featured_media":748,"comment_status":"open","ping_status":"closed","template":"","meta":[],"product_cat":[135],"product_tag":[141,227,238,252],"class_list":["post-4108","product","type-product","status-publish","has-post-thumbnail","hentry","product_cat-canecas-e-copos","product_tag-caneca-com-logo","product_tag-caneca-personalizada","product_tag-caneca-termica","product_tag-caneca-termica-inox-com-abridor-500ml-personalizada"],"_links":{"self":[{"href":"https:\/\/vohnabrindes.com.br\/index.php\/wp-json\/wp\/v2\/product\/4108","targetHints":{"allow":["GET"]}}],"collection":[{"href":"https:\/\/vohnabrindes.com.br\/index.php\/wp-json\/wp\/v2\/product"}],"about":[{"href":"https:\/\/vohnabrindes.com.br\/index.php\/wp-json\/wp\/v2\/types\/product"}],"replies":[{"embeddable":true,"href":"https:\/\/vohnabrindes.com.br\/index.php\/wp-json\/wp\/v2\/comments?post=4108"}],"version-history":[{"count":1,"href":"https:\/\/vohnabrindes.com.br\/index.php\/wp-json\/wp\/v2\/product\/4108\/revisions"}],"predecessor-version":[{"id":4138,"href":"https:\/\/vohnabrindes.com.br\/index.php\/wp-json\/wp\/v2\/product\/4108\/revisions\/4138"}],"wp:featuredmedia":[{"embeddable":true,"href":"https:\/\/vohnabrindes.com.br\/index.php\/wp-json\/wp\/v2\/media\/748"}],"wp:attachment":[{"href":"https:\/\/vohnabrindes.com.br\/index.php\/wp-json\/wp\/v2\/media?parent=4108"}],"wp:term":[{"taxonomy":"product_cat","embeddable":true,"href":"https:\/\/vohnabrindes.com.br\/index.php\/wp-json\/wp\/v2\/product_cat?post=4108"},{"taxonomy":"product_tag","embeddable":true,"href":"https:\/\/vohnabrindes.com.br\/index.php\/wp-json\/wp\/v2\/product_tag?post=4108"}],"curies":[{"name":"wp","href":"https:\/\/api.w.org\/{rel}","templated":true}]}}