{"id":4120,"date":"2025-05-30T21:38:30","date_gmt":"2025-05-31T00:38:30","guid":{"rendered":"https:\/\/vohnabrindes.com.br\/?post_type=product&#038;p=4120"},"modified":"2025-05-30T21:38:32","modified_gmt":"2025-05-31T00:38:32","slug":"kit-churrasco-em-estojo-de-bambu-luxo","status":"publish","type":"product","link":"https:\/\/vohnabrindes.com.br\/index.php\/product\/kit-churrasco-em-estojo-de-bambu-luxo\/","title":{"rendered":"Kit churrasco em estojo de bambu luxo."},"content":{"rendered":"<div class=\"ref\">93844BOTTURA.<\/div>\n<div><\/div>\n<div class=\"texto\">Kit churrasco em estojo de bambu.<\/div>\n<div class=\"texto\">Composto por 6 pe\u00e7as em a\u00e7o inox e bambu: faca chefe, faca m\u00e9dia, faca japonesa, pin\u00e7a, garfo e afiador. Certifica\u00e7\u00e3o EU Food Grade.<\/div>\n<div class=\"texto\">Estojo: 455 x 160 x 65 mm<\/div>\n","protected":false},"excerpt":{"rendered":"<p>93844BOTTURA. Kit churrasco em estojo de bambu. Composto por 6 pe\u00e7as em a\u00e7o inox e bambu: faca chefe, faca m\u00e9dia, faca japonesa, pin\u00e7a, garfo e afiador.<span class=\"excerpt-hellip\"> [\u2026]<\/span><\/p>\n","protected":false},"featured_media":781,"comment_status":"open","ping_status":"closed","template":"","meta":[],"product_cat":[274],"product_tag":[264,265,266,267],"class_list":["post-4120","product","type-product","status-publish","has-post-thumbnail","hentry","product_cat-kit-churrasco","product_tag-kit-churrasco","product_tag-kit-churrasco-em-estojo-de-bambu","product_tag-kit-churrasco-luxo","product_tag-kit-churrasco-personalizado"],"_links":{"self":[{"href":"https:\/\/vohnabrindes.com.br\/index.php\/wp-json\/wp\/v2\/product\/4120","targetHints":{"allow":["GET"]}}],"collection":[{"href":"https:\/\/vohnabrindes.com.br\/index.php\/wp-json\/wp\/v2\/product"}],"about":[{"href":"https:\/\/vohnabrindes.com.br\/index.php\/wp-json\/wp\/v2\/types\/product"}],"replies":[{"embeddable":true,"href":"https:\/\/vohnabrindes.com.br\/index.php\/wp-json\/wp\/v2\/comments?post=4120"}],"version-history":[{"count":1,"href":"https:\/\/vohnabrindes.com.br\/index.php\/wp-json\/wp\/v2\/product\/4120\/revisions"}],"predecessor-version":[{"id":4150,"href":"https:\/\/vohnabrindes.com.br\/index.php\/wp-json\/wp\/v2\/product\/4120\/revisions\/4150"}],"wp:featuredmedia":[{"embeddable":true,"href":"https:\/\/vohnabrindes.com.br\/index.php\/wp-json\/wp\/v2\/media\/781"}],"wp:attachment":[{"href":"https:\/\/vohnabrindes.com.br\/index.php\/wp-json\/wp\/v2\/media?parent=4120"}],"wp:term":[{"taxonomy":"product_cat","embeddable":true,"href":"https:\/\/vohnabrindes.com.br\/index.php\/wp-json\/wp\/v2\/product_cat?post=4120"},{"taxonomy":"product_tag","embeddable":true,"href":"https:\/\/vohnabrindes.com.br\/index.php\/wp-json\/wp\/v2\/product_tag?post=4120"}],"curies":[{"name":"wp","href":"https:\/\/api.w.org\/{rel}","templated":true}]}}