{"id":4121,"date":"2025-05-30T21:38:30","date_gmt":"2025-05-31T00:38:30","guid":{"rendered":"https:\/\/vohnabrindes.com.br\/?post_type=product&#038;p=4121"},"modified":"2025-05-30T21:38:32","modified_gmt":"2025-05-31T00:38:32","slug":"kit-churrasco-em-estojo-de-aluminio-luxo","status":"publish","type":"product","link":"https:\/\/vohnabrindes.com.br\/index.php\/product\/kit-churrasco-em-estojo-de-aluminio-luxo\/","title":{"rendered":"Kit churrasco em estojo de alum\u00ednio luxo."},"content":{"rendered":"<div class=\"ref\">93845-MACE.<\/div>\n<div><\/div>\n<div class=\"texto\">Kit churrasco em estojo de alum\u00ednio luxo.<\/div>\n<div class=\"texto\">Composto por luva de cozinha em poli\u00e9ster e 6 utens\u00edlios em a\u00e7o inox: faca chefe, 1 faca japonesa, 1 pin\u00e7a, 1 garfo, 1 esp\u00e1tula e 1 afiador. Pr\u00f3prio para contato com alimento.<\/div>\n<div class=\"texto\">Estojo: 450 x 170 x 80 mm | Placa: 80 x 50 mm<\/div>\n","protected":false},"excerpt":{"rendered":"<p>93845-MACE. Kit churrasco em estojo de alum\u00ednio luxo. Composto por luva de cozinha em poli\u00e9ster e 6 utens\u00edlios em a\u00e7o inox: faca chefe, 1 faca japonesa,<span class=\"excerpt-hellip\"> [\u2026]<\/span><\/p>\n","protected":false},"featured_media":783,"comment_status":"open","ping_status":"closed","template":"","meta":[],"product_cat":[274],"product_tag":[264,268,266,267],"class_list":["post-4121","product","type-product","status-publish","has-post-thumbnail","hentry","product_cat-kit-churrasco","product_tag-kit-churrasco","product_tag-kit-churrasco-em-estojo-de-aluminio-luxo","product_tag-kit-churrasco-luxo","product_tag-kit-churrasco-personalizado"],"_links":{"self":[{"href":"https:\/\/vohnabrindes.com.br\/index.php\/wp-json\/wp\/v2\/product\/4121","targetHints":{"allow":["GET"]}}],"collection":[{"href":"https:\/\/vohnabrindes.com.br\/index.php\/wp-json\/wp\/v2\/product"}],"about":[{"href":"https:\/\/vohnabrindes.com.br\/index.php\/wp-json\/wp\/v2\/types\/product"}],"replies":[{"embeddable":true,"href":"https:\/\/vohnabrindes.com.br\/index.php\/wp-json\/wp\/v2\/comments?post=4121"}],"version-history":[{"count":1,"href":"https:\/\/vohnabrindes.com.br\/index.php\/wp-json\/wp\/v2\/product\/4121\/revisions"}],"predecessor-version":[{"id":4151,"href":"https:\/\/vohnabrindes.com.br\/index.php\/wp-json\/wp\/v2\/product\/4121\/revisions\/4151"}],"wp:featuredmedia":[{"embeddable":true,"href":"https:\/\/vohnabrindes.com.br\/index.php\/wp-json\/wp\/v2\/media\/783"}],"wp:attachment":[{"href":"https:\/\/vohnabrindes.com.br\/index.php\/wp-json\/wp\/v2\/media?parent=4121"}],"wp:term":[{"taxonomy":"product_cat","embeddable":true,"href":"https:\/\/vohnabrindes.com.br\/index.php\/wp-json\/wp\/v2\/product_cat?post=4121"},{"taxonomy":"product_tag","embeddable":true,"href":"https:\/\/vohnabrindes.com.br\/index.php\/wp-json\/wp\/v2\/product_tag?post=4121"}],"curies":[{"name":"wp","href":"https:\/\/api.w.org\/{rel}","templated":true}]}}