{"id":4122,"date":"2025-05-30T21:38:30","date_gmt":"2025-05-31T00:38:30","guid":{"rendered":"https:\/\/vohnabrindes.com.br\/?post_type=product&#038;p=4122"},"modified":"2025-05-30T21:38:32","modified_gmt":"2025-05-31T00:38:32","slug":"fone-de-ouvido-bluetooth-com-case-carregador-personalizado","status":"publish","type":"product","link":"https:\/\/vohnabrindes.com.br\/index.php\/product\/fone-de-ouvido-bluetooth-com-case-carregador-personalizado\/","title":{"rendered":"Fone de Ouvido Bluetooth com Case Carregador personalizado."},"content":{"rendered":"<pre id=\"item_referencia\">14199<\/pre>\n<p class=\"produto-nome\">Fone de Ouvido Bluetooth com Case Carregador<\/p>\n<div class=\"caracs\">\n<div class=\"desc\">\n<p class=\"desc-tit\">\u00a0<span class=\"desc-sub my-desc-sub\">Fone bluetooth pl\u00e1stico com case carregador. Para utiliza\u00e7\u00e3o do produto, pressione e segure o bot\u00e3o lateral de ambos fones ao mesmo tempo, luzes led em vermelho e azul ficar\u00e3o piscando alternadamente at\u00e9 a jun\u00e7\u00e3o das duas partes (quando conectadas apenas um lado dos fones permanecer\u00e1 aceso), ap\u00f3s realizado o processo conecte o fone atrav\u00e9s do bluetooth e o led se apagar\u00e1, indicando a conex\u00e3o ao dispositivo. Quando emparelhado, pressione uma vez o bot\u00e3o do fone para iniciar ou pausar uma m\u00fasica, ao segurar o bot\u00e3o ir\u00e1 avancar a faixa; no modo liga\u00e7\u00e3o pressione uma vez o bot\u00e3o para atender a chamada ou segure o bot\u00e3o do fone para recus\u00e1-la. Para o carregamento do produto \u00e9 necess\u00e1rio recarregar inicialmente o case e ap\u00f3s este processo basta conectar os fones no estojo e pressionar o bot\u00e3o power para o carregamento dos mesmos. Fones com microfone embutido. Enquanto o case \u00e9 carregado o led vermelho ficar\u00e1 piscando, ao concluir a carga o led permanecer\u00e1 aceso; no carregamento dos fones leds vermelhos ficar\u00e3o acesos e ao concluir a carga se apagar\u00e3o. Acompanha cabo USB.<\/span><\/p>\n<\/div>\n<div class=\"desc\">\n<p class=\"desc-tit\">Altura<span class=\"desc-sub\">\u00a0:\u00a0 6,7 cm<\/span><\/p>\n<\/div>\n<div class=\"desc\">\n<p class=\"desc-tit\">Largura<span class=\"desc-sub\">\u00a0:\u00a0 5,5 cm<\/span><\/p>\n<\/div>\n<div class=\"desc\">\n<p class=\"desc-tit\">Medidas aproximadas para grava\u00e7\u00e3o<span class=\"desc-sub\">\u00a0(CxL):\u00a0 Case: 3 cm x 3 cm<\/span><\/p>\n<\/div>\n<div class=\"desc\">\n<p class=\"desc-tit\">Peso aproximado<span class=\"desc-sub\">\u00a0(g):\u00a0 39<\/span><\/p>\n<\/div>\n<\/div>\n","protected":false},"excerpt":{"rendered":"<p>14199 Fone de Ouvido Bluetooth com Case Carregador \u00a0Fone bluetooth pl\u00e1stico com case carregador. Para utiliza\u00e7\u00e3o do produto, pressione e segure o bot\u00e3o lateral de ambos<span class=\"excerpt-hellip\"> [\u2026]<\/span><\/p>\n","protected":false},"featured_media":785,"comment_status":"open","ping_status":"closed","template":"","meta":[],"product_cat":[1015],"product_tag":[269,270,271,272],"class_list":["post-4122","product","type-product","status-publish","has-post-thumbnail","hentry","product_cat-fones-de-ouvido","product_tag-fone-de-ouvido-bluetooth-com-case-carregador","product_tag-fone-de-ouvido-com-logo","product_tag-fone-personalizado","product_tag-fone-sem-fio"],"_links":{"self":[{"href":"https:\/\/vohnabrindes.com.br\/index.php\/wp-json\/wp\/v2\/product\/4122","targetHints":{"allow":["GET"]}}],"collection":[{"href":"https:\/\/vohnabrindes.com.br\/index.php\/wp-json\/wp\/v2\/product"}],"about":[{"href":"https:\/\/vohnabrindes.com.br\/index.php\/wp-json\/wp\/v2\/types\/product"}],"replies":[{"embeddable":true,"href":"https:\/\/vohnabrindes.com.br\/index.php\/wp-json\/wp\/v2\/comments?post=4122"}],"version-history":[{"count":1,"href":"https:\/\/vohnabrindes.com.br\/index.php\/wp-json\/wp\/v2\/product\/4122\/revisions"}],"predecessor-version":[{"id":4152,"href":"https:\/\/vohnabrindes.com.br\/index.php\/wp-json\/wp\/v2\/product\/4122\/revisions\/4152"}],"wp:featuredmedia":[{"embeddable":true,"href":"https:\/\/vohnabrindes.com.br\/index.php\/wp-json\/wp\/v2\/media\/785"}],"wp:attachment":[{"href":"https:\/\/vohnabrindes.com.br\/index.php\/wp-json\/wp\/v2\/media?parent=4122"}],"wp:term":[{"taxonomy":"product_cat","embeddable":true,"href":"https:\/\/vohnabrindes.com.br\/index.php\/wp-json\/wp\/v2\/product_cat?post=4122"},{"taxonomy":"product_tag","embeddable":true,"href":"https:\/\/vohnabrindes.com.br\/index.php\/wp-json\/wp\/v2\/product_tag?post=4122"}],"curies":[{"name":"wp","href":"https:\/\/api.w.org\/{rel}","templated":true}]}}