{"id":4124,"date":"2025-05-30T21:38:30","date_gmt":"2025-05-31T00:38:30","guid":{"rendered":"https:\/\/vohnabrindes.com.br\/?post_type=product&#038;p=4124"},"modified":"2025-05-30T21:38:32","modified_gmt":"2025-05-31T00:38:32","slug":"avental-personalizado","status":"publish","type":"product","link":"https:\/\/vohnabrindes.com.br\/index.php\/product\/avental-personalizado\/","title":{"rendered":"Avental personalizado."},"content":{"rendered":"<div class=\"ref\">99835CHICORY.<\/div>\n<div><\/div>\n<div class=\"texto\">Avental multiusos em lona de algod\u00e3o (260 g\/m\u00b2) com 3 bolsos frontais e fita para amarrar \u00e0 cintura (ferramentas n\u00e3o inclusas).<\/div>\n<div class=\"texto\">dimens\u00f5es: 580 x 375 mm<\/div>\n","protected":false},"excerpt":{"rendered":"<p>99835CHICORY. Avental multiusos em lona de algod\u00e3o (260 g\/m\u00b2) com 3 bolsos frontais e fita para amarrar \u00e0 cintura (ferramentas n\u00e3o inclusas). dimens\u00f5es: 580 x 375<span class=\"excerpt-hellip\"> [\u2026]<\/span><\/p>\n","protected":false},"featured_media":789,"comment_status":"open","ping_status":"closed","template":"","meta":[],"product_cat":[274,275],"product_tag":[276],"class_list":["post-4124","product","type-product","status-publish","has-post-thumbnail","hentry","product_cat-kit-churrasco","product_cat-linha-gourmet","product_tag-avental-personalizado"],"_links":{"self":[{"href":"https:\/\/vohnabrindes.com.br\/index.php\/wp-json\/wp\/v2\/product\/4124","targetHints":{"allow":["GET"]}}],"collection":[{"href":"https:\/\/vohnabrindes.com.br\/index.php\/wp-json\/wp\/v2\/product"}],"about":[{"href":"https:\/\/vohnabrindes.com.br\/index.php\/wp-json\/wp\/v2\/types\/product"}],"replies":[{"embeddable":true,"href":"https:\/\/vohnabrindes.com.br\/index.php\/wp-json\/wp\/v2\/comments?post=4124"}],"version-history":[{"count":1,"href":"https:\/\/vohnabrindes.com.br\/index.php\/wp-json\/wp\/v2\/product\/4124\/revisions"}],"predecessor-version":[{"id":4154,"href":"https:\/\/vohnabrindes.com.br\/index.php\/wp-json\/wp\/v2\/product\/4124\/revisions\/4154"}],"wp:featuredmedia":[{"embeddable":true,"href":"https:\/\/vohnabrindes.com.br\/index.php\/wp-json\/wp\/v2\/media\/789"}],"wp:attachment":[{"href":"https:\/\/vohnabrindes.com.br\/index.php\/wp-json\/wp\/v2\/media?parent=4124"}],"wp:term":[{"taxonomy":"product_cat","embeddable":true,"href":"https:\/\/vohnabrindes.com.br\/index.php\/wp-json\/wp\/v2\/product_cat?post=4124"},{"taxonomy":"product_tag","embeddable":true,"href":"https:\/\/vohnabrindes.com.br\/index.php\/wp-json\/wp\/v2\/product_tag?post=4124"}],"curies":[{"name":"wp","href":"https:\/\/api.w.org\/{rel}","templated":true}]}}