{"id":4131,"date":"2025-05-30T21:38:30","date_gmt":"2025-05-31T00:38:30","guid":{"rendered":"https:\/\/vohnabrindes.com.br\/?post_type=product&#038;p=4131"},"modified":"2025-05-30T21:38:33","modified_gmt":"2025-05-31T00:38:33","slug":"mochila-bolsa-termica-personalizada","status":"publish","type":"product","link":"https:\/\/vohnabrindes.com.br\/index.php\/product\/mochila-bolsa-termica-personalizada\/","title":{"rendered":"Mochila\/Bolsa T\u00e9rmica personalizada."},"content":{"rendered":"<h6 class=\"mb-3\">MC205-<\/h6>\n<div class=\"d-block\">\n<div>\n<h6>Mochila p\/ notebook em tecido poli\u00e9ster.<\/p>\n<p>Mochila\/Bolsa T\u00e9rmica<\/h6>\n<p>Parte externa:<br \/>\nDois bolsos laterais.<br \/>\nBolso central.<br \/>\nBolso traseiro.<br \/>\nQuatro bolsos frontais.<br \/>\nAl\u00e7a de m\u00e3o e ombro acolchoado.<\/p>\n<p>Parte interna:<br \/>\nCompartimento acolchoado p\/ Notebook, 35x26cm.<br \/>\nTamanho total do Notebook &#8211; 16,5\u00a8<br \/>\nCompartimento t\u00e9rmico com capacidade de 7 litros aprox.<br \/>\nBolso m\u00e9dio.<br \/>\nDois bolsos pequenos.<\/p>\n<\/div>\n<\/div>\n","protected":false},"excerpt":{"rendered":"<p>MC205- Mochila p\/ notebook em tecido poli\u00e9ster. Mochila\/Bolsa T\u00e9rmica Parte externa: Dois bolsos laterais. Bolso central. Bolso traseiro. Quatro bolsos frontais. Al\u00e7a de m\u00e3o e ombro<span class=\"excerpt-hellip\"> [\u2026]<\/span><\/p>\n","protected":false},"featured_media":813,"comment_status":"open","ping_status":"closed","template":"","meta":[],"product_cat":[145,171],"product_tag":[183,284],"class_list":["post-4131","product","type-product","status-publish","has-post-thumbnail","hentry","product_cat-bolsas-termicas-e-coolers","product_cat-mochilas-e-malas","product_tag-mochila","product_tag-mochila-bolsa-termica-personalizada"],"_links":{"self":[{"href":"https:\/\/vohnabrindes.com.br\/index.php\/wp-json\/wp\/v2\/product\/4131","targetHints":{"allow":["GET"]}}],"collection":[{"href":"https:\/\/vohnabrindes.com.br\/index.php\/wp-json\/wp\/v2\/product"}],"about":[{"href":"https:\/\/vohnabrindes.com.br\/index.php\/wp-json\/wp\/v2\/types\/product"}],"replies":[{"embeddable":true,"href":"https:\/\/vohnabrindes.com.br\/index.php\/wp-json\/wp\/v2\/comments?post=4131"}],"version-history":[{"count":1,"href":"https:\/\/vohnabrindes.com.br\/index.php\/wp-json\/wp\/v2\/product\/4131\/revisions"}],"predecessor-version":[{"id":4161,"href":"https:\/\/vohnabrindes.com.br\/index.php\/wp-json\/wp\/v2\/product\/4131\/revisions\/4161"}],"wp:featuredmedia":[{"embeddable":true,"href":"https:\/\/vohnabrindes.com.br\/index.php\/wp-json\/wp\/v2\/media\/813"}],"wp:attachment":[{"href":"https:\/\/vohnabrindes.com.br\/index.php\/wp-json\/wp\/v2\/media?parent=4131"}],"wp:term":[{"taxonomy":"product_cat","embeddable":true,"href":"https:\/\/vohnabrindes.com.br\/index.php\/wp-json\/wp\/v2\/product_cat?post=4131"},{"taxonomy":"product_tag","embeddable":true,"href":"https:\/\/vohnabrindes.com.br\/index.php\/wp-json\/wp\/v2\/product_tag?post=4131"}],"curies":[{"name":"wp","href":"https:\/\/api.w.org\/{rel}","templated":true}]}}