{"id":4163,"date":"2025-05-30T21:38:33","date_gmt":"2025-05-31T00:38:33","guid":{"rendered":"https:\/\/vohnabrindes.com.br\/?post_type=product&#038;p=4163"},"modified":"2025-05-30T21:38:35","modified_gmt":"2025-05-31T00:38:35","slug":"mochila-para-notebook-17-personalizada","status":"publish","type":"product","link":"https:\/\/vohnabrindes.com.br\/index.php\/product\/mochila-para-notebook-17-personalizada\/","title":{"rendered":"Mochila para notebook 17&#8221; personalizada."},"content":{"rendered":"<div class=\"ref\">92677-ZAGAZIG.<\/div>\n<div class=\"ref\">Mochila para notebook 17&#8221;<\/div>\n<div class=\"texto\">Mochila para notebook em 900D e c. sint\u00e9tico com 2 compartimentos. Compartimento posterior forrado, com divis\u00f3ria almofadada para notebook at\u00e9 17&#8221; e bolso em tela, com z\u00edper. Compartimento frontal forrado, com diversos bolsos interiores. Parte posterior e al\u00e7as almofadadas. 330 x 450 x 160 mm<\/div>\n","protected":false},"excerpt":{"rendered":"<p>92677-ZAGAZIG. Mochila para notebook 17&#8221; Mochila para notebook em 900D e c. sint\u00e9tico com 2 compartimentos. Compartimento posterior forrado, com divis\u00f3ria almofadada para notebook at\u00e9 17&#8221;<span class=\"excerpt-hellip\"> [\u2026]<\/span><\/p>\n","protected":false},"featured_media":817,"comment_status":"open","ping_status":"closed","template":"","meta":[],"product_cat":[171],"product_tag":[180,286],"class_list":["post-4163","product","type-product","status-publish","has-post-thumbnail","hentry","product_cat-mochilas-e-malas","product_tag-mochila-executiva","product_tag-mochila-para-notebook-17-personalizada"],"_links":{"self":[{"href":"https:\/\/vohnabrindes.com.br\/index.php\/wp-json\/wp\/v2\/product\/4163","targetHints":{"allow":["GET"]}}],"collection":[{"href":"https:\/\/vohnabrindes.com.br\/index.php\/wp-json\/wp\/v2\/product"}],"about":[{"href":"https:\/\/vohnabrindes.com.br\/index.php\/wp-json\/wp\/v2\/types\/product"}],"replies":[{"embeddable":true,"href":"https:\/\/vohnabrindes.com.br\/index.php\/wp-json\/wp\/v2\/comments?post=4163"}],"version-history":[{"count":1,"href":"https:\/\/vohnabrindes.com.br\/index.php\/wp-json\/wp\/v2\/product\/4163\/revisions"}],"predecessor-version":[{"id":4193,"href":"https:\/\/vohnabrindes.com.br\/index.php\/wp-json\/wp\/v2\/product\/4163\/revisions\/4193"}],"wp:featuredmedia":[{"embeddable":true,"href":"https:\/\/vohnabrindes.com.br\/index.php\/wp-json\/wp\/v2\/media\/817"}],"wp:attachment":[{"href":"https:\/\/vohnabrindes.com.br\/index.php\/wp-json\/wp\/v2\/media?parent=4163"}],"wp:term":[{"taxonomy":"product_cat","embeddable":true,"href":"https:\/\/vohnabrindes.com.br\/index.php\/wp-json\/wp\/v2\/product_cat?post=4163"},{"taxonomy":"product_tag","embeddable":true,"href":"https:\/\/vohnabrindes.com.br\/index.php\/wp-json\/wp\/v2\/product_tag?post=4163"}],"curies":[{"name":"wp","href":"https:\/\/api.w.org\/{rel}","templated":true}]}}