{"id":4164,"date":"2025-05-30T21:38:33","date_gmt":"2025-05-31T00:38:33","guid":{"rendered":"https:\/\/vohnabrindes.com.br\/?post_type=product&#038;p=4164"},"modified":"2025-05-30T21:38:35","modified_gmt":"2025-05-31T00:38:35","slug":"mochila-de-poliester-usb-30-litros-personalizada","status":"publish","type":"product","link":"https:\/\/vohnabrindes.com.br\/index.php\/product\/mochila-de-poliester-usb-30-litros-personalizada\/","title":{"rendered":"Mochila de Poli\u00e9ster USB 30 Litros personalizada."},"content":{"rendered":"<pre id=\"item_referencia\">01805<\/pre>\n<p class=\"produto-nome\"><span class=\"desc-sub my-desc-sub\">Mochila de poli\u00e9ster 30 litros com seis compartimentos, sendo o principal com bolso para notebook 15,6 e tablet 12,4. Com divis\u00f3rias internas para acess\u00f3rios e porta chave, a mochila possui adaptador USB externo, bolsos laterais telados, duas al\u00e7as de m\u00e3os, \u00e1rea costada e al\u00e7as para as costas com revestimento espumado.<\/span><\/p>\n<div class=\"caracs\">\n<div class=\"desc\">\n<p class=\"desc-tit\">Altura<span class=\"desc-sub\">\u00a0:\u00a0 46 cm<\/span><\/p>\n<\/div>\n<div class=\"desc\">\n<p class=\"desc-tit\">Largura<span class=\"desc-sub\">\u00a0:\u00a0 30 cm<\/span><\/p>\n<\/div>\n<div class=\"desc\">\n<p class=\"desc-tit\">Profundidade<span class=\"desc-sub\">\u00a0:\u00a0 22 cm<\/span><\/p>\n<\/div>\n<div class=\"desc\">\n<p class=\"desc-tit\">Medidas aproximadas para grava\u00e7\u00e3o<span class=\"desc-sub\">\u00a0(CxL):\u00a0 10 cm x 20 cm<\/span><\/p>\n<\/div>\n<div class=\"desc\">\n<p class=\"desc-tit\">Peso aproximado<span class=\"desc-sub\">\u00a0(g):\u00a0 786<\/span><\/p>\n<\/div>\n<\/div>\n","protected":false},"excerpt":{"rendered":"<p>01805 Mochila de poli\u00e9ster 30 litros com seis compartimentos, sendo o principal com bolso para notebook 15,6 e tablet 12,4. Com divis\u00f3rias internas para acess\u00f3rios e<span class=\"excerpt-hellip\"> [\u2026]<\/span><\/p>\n","protected":false},"featured_media":826,"comment_status":"open","ping_status":"closed","template":"","meta":[],"product_cat":[171],"product_tag":[287,180,181],"class_list":["post-4164","product","type-product","status-publish","has-post-thumbnail","hentry","product_cat-mochilas-e-malas","product_tag-mochila-de-poliester-usb-30-litros-personalizada","product_tag-mochila-executiva","product_tag-mochila-personalizada"],"_links":{"self":[{"href":"https:\/\/vohnabrindes.com.br\/index.php\/wp-json\/wp\/v2\/product\/4164","targetHints":{"allow":["GET"]}}],"collection":[{"href":"https:\/\/vohnabrindes.com.br\/index.php\/wp-json\/wp\/v2\/product"}],"about":[{"href":"https:\/\/vohnabrindes.com.br\/index.php\/wp-json\/wp\/v2\/types\/product"}],"replies":[{"embeddable":true,"href":"https:\/\/vohnabrindes.com.br\/index.php\/wp-json\/wp\/v2\/comments?post=4164"}],"version-history":[{"count":1,"href":"https:\/\/vohnabrindes.com.br\/index.php\/wp-json\/wp\/v2\/product\/4164\/revisions"}],"predecessor-version":[{"id":4194,"href":"https:\/\/vohnabrindes.com.br\/index.php\/wp-json\/wp\/v2\/product\/4164\/revisions\/4194"}],"wp:featuredmedia":[{"embeddable":true,"href":"https:\/\/vohnabrindes.com.br\/index.php\/wp-json\/wp\/v2\/media\/826"}],"wp:attachment":[{"href":"https:\/\/vohnabrindes.com.br\/index.php\/wp-json\/wp\/v2\/media?parent=4164"}],"wp:term":[{"taxonomy":"product_cat","embeddable":true,"href":"https:\/\/vohnabrindes.com.br\/index.php\/wp-json\/wp\/v2\/product_cat?post=4164"},{"taxonomy":"product_tag","embeddable":true,"href":"https:\/\/vohnabrindes.com.br\/index.php\/wp-json\/wp\/v2\/product_tag?post=4164"}],"curies":[{"name":"wp","href":"https:\/\/api.w.org\/{rel}","templated":true}]}}