{"id":4169,"date":"2025-05-30T21:38:33","date_gmt":"2025-05-31T00:38:33","guid":{"rendered":"https:\/\/vohnabrindes.com.br\/?post_type=product&#038;p=4169"},"modified":"2025-05-30T21:38:35","modified_gmt":"2025-05-31T00:38:35","slug":"mochila-para-notebook-14-personalizada","status":"publish","type":"product","link":"https:\/\/vohnabrindes.com.br\/index.php\/product\/mochila-para-notebook-14-personalizada\/","title":{"rendered":"Mochila para notebook 14&#8221; personalizada."},"content":{"rendered":"<div class=\"ref\">92163-MANAUS.<\/div>\n<div>Mochila para notebook 14&#8221; personalizada.<\/div>\n<div class=\"texto\">Mochila para notebook em 1680D e 300D com dois compartimentos para notebook 14&#8221; e para tablet 9.7&#8221;. Interior forrado e almofadado. Bolso frontal com z\u00edper, bolso lateral e placa met\u00e1lica para grava\u00e7\u00e3o laser<\/div>\n<div class=\"texto\">dimens\u00f5es: 310 x 400 x 110 mm | Placa: 50 x 20 mm<\/div>\n","protected":false},"excerpt":{"rendered":"<p>92163-MANAUS. Mochila para notebook 14&#8221; personalizada. Mochila para notebook em 1680D e 300D com dois compartimentos para notebook 14&#8221; e para tablet 9.7&#8221;. Interior forrado e<span class=\"excerpt-hellip\"> [\u2026]<\/span><\/p>\n","protected":false},"featured_media":836,"comment_status":"open","ping_status":"closed","template":"","meta":[],"product_cat":[171],"product_tag":[292,180,293],"class_list":["post-4169","product","type-product","status-publish","has-post-thumbnail","hentry","product_cat-mochilas-e-malas","product_tag-mochila-com-logo","product_tag-mochila-executiva","product_tag-mochila-para-notebook-14-personalizada"],"_links":{"self":[{"href":"https:\/\/vohnabrindes.com.br\/index.php\/wp-json\/wp\/v2\/product\/4169","targetHints":{"allow":["GET"]}}],"collection":[{"href":"https:\/\/vohnabrindes.com.br\/index.php\/wp-json\/wp\/v2\/product"}],"about":[{"href":"https:\/\/vohnabrindes.com.br\/index.php\/wp-json\/wp\/v2\/types\/product"}],"replies":[{"embeddable":true,"href":"https:\/\/vohnabrindes.com.br\/index.php\/wp-json\/wp\/v2\/comments?post=4169"}],"version-history":[{"count":1,"href":"https:\/\/vohnabrindes.com.br\/index.php\/wp-json\/wp\/v2\/product\/4169\/revisions"}],"predecessor-version":[{"id":4199,"href":"https:\/\/vohnabrindes.com.br\/index.php\/wp-json\/wp\/v2\/product\/4169\/revisions\/4199"}],"wp:featuredmedia":[{"embeddable":true,"href":"https:\/\/vohnabrindes.com.br\/index.php\/wp-json\/wp\/v2\/media\/836"}],"wp:attachment":[{"href":"https:\/\/vohnabrindes.com.br\/index.php\/wp-json\/wp\/v2\/media?parent=4169"}],"wp:term":[{"taxonomy":"product_cat","embeddable":true,"href":"https:\/\/vohnabrindes.com.br\/index.php\/wp-json\/wp\/v2\/product_cat?post=4169"},{"taxonomy":"product_tag","embeddable":true,"href":"https:\/\/vohnabrindes.com.br\/index.php\/wp-json\/wp\/v2\/product_tag?post=4169"}],"curies":[{"name":"wp","href":"https:\/\/api.w.org\/{rel}","templated":true}]}}