{"id":4172,"date":"2025-05-30T21:38:34","date_gmt":"2025-05-31T00:38:34","guid":{"rendered":"https:\/\/vohnabrindes.com.br\/?post_type=product&#038;p=4172"},"modified":"2025-05-30T21:38:35","modified_gmt":"2025-05-31T00:38:35","slug":"mochila-de-nylon-personalizada","status":"publish","type":"product","link":"https:\/\/vohnabrindes.com.br\/index.php\/product\/mochila-de-nylon-personalizada\/","title":{"rendered":"Mochila de Nylon personalizada."},"content":{"rendered":"<pre id=\"item_referencia\">02066<\/pre>\n<p class=\"produto-nome\"><span class=\"desc-sub my-desc-sub\">Mochila de nylon 30 litros com quatro compartimentos, sendo o principal com bolso para notebook 15,6. A mochila possui bolsos laterais em malha, duas al\u00e7as de m\u00e3os e \u00e1rea costada com revestimento espumado.<\/span><\/p>\n<div class=\"caracs\">\n<div class=\"desc\">\n<p class=\"desc-tit\">Altura<span class=\"desc-sub\">\u00a0:\u00a0 49 cm<\/span><\/p>\n<\/div>\n<div class=\"desc\">\n<p class=\"desc-tit\">Largura<span class=\"desc-sub\">\u00a0:\u00a0 39 cm<\/span><\/p>\n<\/div>\n<div class=\"desc\">\n<p class=\"desc-tit\">Profundidade<span class=\"desc-sub\">\u00a0:\u00a0 19 cm<\/span><\/p>\n<\/div>\n<div class=\"desc\">\n<p class=\"desc-tit\">Medidas aproximadas para grava\u00e7\u00e3o<span class=\"desc-sub\">\u00a0(CxL):\u00a0 5 cm x 15 cm<\/span><\/p>\n<\/div>\n<div class=\"desc\">\n<p class=\"desc-tit\">Peso aproximado<span class=\"desc-sub\">\u00a0(g):\u00a0 718<\/span><\/p>\n<\/div>\n<\/div>\n","protected":false},"excerpt":{"rendered":"<p>02066 Mochila de nylon 30 litros com quatro compartimentos, sendo o principal com bolso para notebook 15,6. A mochila possui bolsos laterais em malha, duas al\u00e7as<span class=\"excerpt-hellip\"> [\u2026]<\/span><\/p>\n","protected":false},"featured_media":850,"comment_status":"open","ping_status":"closed","template":"","meta":[],"product_cat":[171],"product_tag":[183,285,180],"class_list":["post-4172","product","type-product","status-publish","has-post-thumbnail","hentry","product_cat-mochilas-e-malas","product_tag-mochila","product_tag-mochila-em-poliester","product_tag-mochila-executiva"],"_links":{"self":[{"href":"https:\/\/vohnabrindes.com.br\/index.php\/wp-json\/wp\/v2\/product\/4172","targetHints":{"allow":["GET"]}}],"collection":[{"href":"https:\/\/vohnabrindes.com.br\/index.php\/wp-json\/wp\/v2\/product"}],"about":[{"href":"https:\/\/vohnabrindes.com.br\/index.php\/wp-json\/wp\/v2\/types\/product"}],"replies":[{"embeddable":true,"href":"https:\/\/vohnabrindes.com.br\/index.php\/wp-json\/wp\/v2\/comments?post=4172"}],"version-history":[{"count":1,"href":"https:\/\/vohnabrindes.com.br\/index.php\/wp-json\/wp\/v2\/product\/4172\/revisions"}],"predecessor-version":[{"id":4202,"href":"https:\/\/vohnabrindes.com.br\/index.php\/wp-json\/wp\/v2\/product\/4172\/revisions\/4202"}],"wp:featuredmedia":[{"embeddable":true,"href":"https:\/\/vohnabrindes.com.br\/index.php\/wp-json\/wp\/v2\/media\/850"}],"wp:attachment":[{"href":"https:\/\/vohnabrindes.com.br\/index.php\/wp-json\/wp\/v2\/media?parent=4172"}],"wp:term":[{"taxonomy":"product_cat","embeddable":true,"href":"https:\/\/vohnabrindes.com.br\/index.php\/wp-json\/wp\/v2\/product_cat?post=4172"},{"taxonomy":"product_tag","embeddable":true,"href":"https:\/\/vohnabrindes.com.br\/index.php\/wp-json\/wp\/v2\/product_tag?post=4172"}],"curies":[{"name":"wp","href":"https:\/\/api.w.org\/{rel}","templated":true}]}}