{"id":4175,"date":"2025-05-30T21:38:34","date_gmt":"2025-05-31T00:38:34","guid":{"rendered":"https:\/\/vohnabrindes.com.br\/?post_type=product&#038;p=4175"},"modified":"2025-05-30T21:38:35","modified_gmt":"2025-05-31T00:38:35","slug":"mochila-para-notebook-14-personalizada-2","status":"publish","type":"product","link":"https:\/\/vohnabrindes.com.br\/index.php\/product\/mochila-para-notebook-14-personalizada-2\/","title":{"rendered":"Mochila para notebook 14&#8221; personalizada."},"content":{"rendered":"<div class=\"ref\">92622-KIEV.<\/div>\n<div class=\"ref\">Mochila para notebook 14&#8221;<\/div>\n<div class=\"texto\">Mochila para notebook em 600D de alta densidade. Compartimento principal com divis\u00f3ria almofadada para notebook at\u00e9 14&#8243;. Bolso frontal com z\u00edper. Parte posterior e al\u00e7as almofadadas.<\/div>\n<div class=\"texto\">dimens\u00f5es: 290 x 400 x 140 mm<\/div>\n","protected":false},"excerpt":{"rendered":"<p>92622-KIEV. Mochila para notebook 14&#8221; Mochila para notebook em 600D de alta densidade. Compartimento principal com divis\u00f3ria almofadada para notebook at\u00e9 14&#8243;. Bolso frontal com z\u00edper.<span class=\"excerpt-hellip\"> [\u2026]<\/span><\/p>\n","protected":false},"featured_media":856,"comment_status":"open","ping_status":"closed","template":"","meta":[],"product_cat":[171],"product_tag":[292,180,293],"class_list":["post-4175","product","type-product","status-publish","has-post-thumbnail","hentry","product_cat-mochilas-e-malas","product_tag-mochila-com-logo","product_tag-mochila-executiva","product_tag-mochila-para-notebook-14-personalizada"],"_links":{"self":[{"href":"https:\/\/vohnabrindes.com.br\/index.php\/wp-json\/wp\/v2\/product\/4175","targetHints":{"allow":["GET"]}}],"collection":[{"href":"https:\/\/vohnabrindes.com.br\/index.php\/wp-json\/wp\/v2\/product"}],"about":[{"href":"https:\/\/vohnabrindes.com.br\/index.php\/wp-json\/wp\/v2\/types\/product"}],"replies":[{"embeddable":true,"href":"https:\/\/vohnabrindes.com.br\/index.php\/wp-json\/wp\/v2\/comments?post=4175"}],"version-history":[{"count":1,"href":"https:\/\/vohnabrindes.com.br\/index.php\/wp-json\/wp\/v2\/product\/4175\/revisions"}],"predecessor-version":[{"id":4205,"href":"https:\/\/vohnabrindes.com.br\/index.php\/wp-json\/wp\/v2\/product\/4175\/revisions\/4205"}],"wp:featuredmedia":[{"embeddable":true,"href":"https:\/\/vohnabrindes.com.br\/index.php\/wp-json\/wp\/v2\/media\/856"}],"wp:attachment":[{"href":"https:\/\/vohnabrindes.com.br\/index.php\/wp-json\/wp\/v2\/media?parent=4175"}],"wp:term":[{"taxonomy":"product_cat","embeddable":true,"href":"https:\/\/vohnabrindes.com.br\/index.php\/wp-json\/wp\/v2\/product_cat?post=4175"},{"taxonomy":"product_tag","embeddable":true,"href":"https:\/\/vohnabrindes.com.br\/index.php\/wp-json\/wp\/v2\/product_tag?post=4175"}],"curies":[{"name":"wp","href":"https:\/\/api.w.org\/{rel}","templated":true}]}}