{"id":4177,"date":"2025-05-30T21:38:34","date_gmt":"2025-05-31T00:38:34","guid":{"rendered":"https:\/\/vohnabrindes.com.br\/?post_type=product&#038;p=4177"},"modified":"2025-05-30T21:38:36","modified_gmt":"2025-05-31T00:38:36","slug":"mochila-de-nylon-28l-personalizada","status":"publish","type":"product","link":"https:\/\/vohnabrindes.com.br\/index.php\/product\/mochila-de-nylon-28l-personalizada\/","title":{"rendered":"Mochila de Nylon 28L personalizada."},"content":{"rendered":"<pre id=\"item_referencia\">04095<\/pre>\n<p class=\"produto-nome\"><span class=\"desc-sub my-desc-sub\">Mochila esportiva de 28 litros em nylon resistente \u00e0 \u00e1gua com quatro compartimentos, sendo o principal com bolso para notebook 15\u20196 polegadas. Cont\u00e9m bolsos laterais em malha, al\u00e7as e \u00e1rea costada com revestimento espumado e al\u00e7as de compress\u00e3o.<\/span><\/p>\n<div class=\"caracs\">\n<div class=\"desc\">\n<p class=\"desc-tit\">Altura<span class=\"desc-sub\">\u00a0:\u00a0 49 cm<\/span><\/p>\n<\/div>\n<div class=\"desc\">\n<p class=\"desc-tit\">Largura<span class=\"desc-sub\">\u00a0:\u00a0 31 cm<\/span><\/p>\n<\/div>\n<div class=\"desc\">\n<p class=\"desc-tit\">Profundidade<span class=\"desc-sub\">\u00a0:\u00a0 19 cm<\/span><\/p>\n<\/div>\n<div class=\"desc\">\n<p class=\"desc-tit\">Medidas aproximadas para grava\u00e7\u00e3o<span class=\"desc-sub\">\u00a0(CxL):\u00a0 6 cm x 9 cm<\/span><\/p>\n<\/div>\n<div class=\"desc\">\n<p class=\"desc-tit\">Peso aproximado<span class=\"desc-sub\">\u00a0(g):\u00a0 358<\/span><\/p>\n<\/div>\n<\/div>\n","protected":false},"excerpt":{"rendered":"<p>04095 Mochila esportiva de 28 litros em nylon resistente \u00e0 \u00e1gua com quatro compartimentos, sendo o principal com bolso para notebook 15\u20196 polegadas. Cont\u00e9m bolsos laterais<span class=\"excerpt-hellip\"> [\u2026]<\/span><\/p>\n","protected":false},"featured_media":860,"comment_status":"open","ping_status":"closed","template":"","meta":[],"product_cat":[171],"product_tag":[183,292,300,285],"class_list":["post-4177","product","type-product","status-publish","has-post-thumbnail","hentry","product_cat-mochilas-e-malas","product_tag-mochila","product_tag-mochila-com-logo","product_tag-mochila-de-nylon-28l","product_tag-mochila-em-poliester"],"_links":{"self":[{"href":"https:\/\/vohnabrindes.com.br\/index.php\/wp-json\/wp\/v2\/product\/4177","targetHints":{"allow":["GET"]}}],"collection":[{"href":"https:\/\/vohnabrindes.com.br\/index.php\/wp-json\/wp\/v2\/product"}],"about":[{"href":"https:\/\/vohnabrindes.com.br\/index.php\/wp-json\/wp\/v2\/types\/product"}],"replies":[{"embeddable":true,"href":"https:\/\/vohnabrindes.com.br\/index.php\/wp-json\/wp\/v2\/comments?post=4177"}],"version-history":[{"count":1,"href":"https:\/\/vohnabrindes.com.br\/index.php\/wp-json\/wp\/v2\/product\/4177\/revisions"}],"predecessor-version":[{"id":4207,"href":"https:\/\/vohnabrindes.com.br\/index.php\/wp-json\/wp\/v2\/product\/4177\/revisions\/4207"}],"wp:featuredmedia":[{"embeddable":true,"href":"https:\/\/vohnabrindes.com.br\/index.php\/wp-json\/wp\/v2\/media\/860"}],"wp:attachment":[{"href":"https:\/\/vohnabrindes.com.br\/index.php\/wp-json\/wp\/v2\/media?parent=4177"}],"wp:term":[{"taxonomy":"product_cat","embeddable":true,"href":"https:\/\/vohnabrindes.com.br\/index.php\/wp-json\/wp\/v2\/product_cat?post=4177"},{"taxonomy":"product_tag","embeddable":true,"href":"https:\/\/vohnabrindes.com.br\/index.php\/wp-json\/wp\/v2\/product_tag?post=4177"}],"curies":[{"name":"wp","href":"https:\/\/api.w.org\/{rel}","templated":true}]}}