{"id":4178,"date":"2025-05-30T21:38:34","date_gmt":"2025-05-31T00:38:34","guid":{"rendered":"https:\/\/vohnabrindes.com.br\/?post_type=product&#038;p=4178"},"modified":"2025-05-30T21:38:36","modified_gmt":"2025-05-31T00:38:36","slug":"mochila-para-notebook-15-6-personalizada-2","status":"publish","type":"product","link":"https:\/\/vohnabrindes.com.br\/index.php\/product\/mochila-para-notebook-15-6-personalizada-2\/","title":{"rendered":"Mochila para notebook 15.6&#8221; personalizada."},"content":{"rendered":"<div class=\"ref\">52276-OLYMPIA PLATE.<\/p>\n<pre class=\"titulo\"> Mochila para notebook 15.6''<\/pre>\n<div class=\"texto\">Mochila para notebook em 840D jacquard com dois compartimentos forrados. O compartimento posterior tem divis\u00f3ria almofadada para notebook at\u00e9 15.6&#8221; e o compartimento frontal diversos bolsos interiores. Bolso lateral em tela e bolso frontal. Parte posterior almofadada, com sistema de apoio acolchoado para as costas e al\u00e7as almofadadas. Placa met\u00e1lica remov\u00edvel com im\u00e3, para f\u00e1cil grava\u00e7\u00e3o. 305 x 470 x 180 mm | Placa: 50 x 20 mm<\/div>\n<\/div>\n<div class=\"texto\">Mochila para notebook em 840D jacquard com dois compartimentos forrados. O compartimento posterior tem divis\u00f3ria almofadada para notebook at\u00e9 15.6&#8221; e o compartimento frontal diversos bolsos interiores. Bolso lateral em tela e bolso frontal. Parte posterior almofadada, com sistema de apoio acolchoado para as costas e al\u00e7as almofadadas. Placa met\u00e1lica para\u00a0 grava\u00e7\u00e3o.<\/div>\n<div class=\"texto\">dimens\u00f5es: 305 x 470 x 180 mm | Placa: 50 x 20 mm<\/div>\n","protected":false},"excerpt":{"rendered":"<p>52276-OLYMPIA PLATE. Mochila para notebook 15.6&#8221; Mochila para notebook em 840D jacquard com dois compartimentos forrados. O compartimento posterior tem divis\u00f3ria almofadada para notebook at\u00e9 15.6&#8221;<span class=\"excerpt-hellip\"> [\u2026]<\/span><\/p>\n","protected":false},"featured_media":862,"comment_status":"open","ping_status":"closed","template":"","meta":[],"product_cat":[171],"product_tag":[292,180,297,181],"class_list":["post-4178","product","type-product","status-publish","has-post-thumbnail","hentry","product_cat-mochilas-e-malas","product_tag-mochila-com-logo","product_tag-mochila-executiva","product_tag-mochila-para-notebook-15-6","product_tag-mochila-personalizada"],"_links":{"self":[{"href":"https:\/\/vohnabrindes.com.br\/index.php\/wp-json\/wp\/v2\/product\/4178","targetHints":{"allow":["GET"]}}],"collection":[{"href":"https:\/\/vohnabrindes.com.br\/index.php\/wp-json\/wp\/v2\/product"}],"about":[{"href":"https:\/\/vohnabrindes.com.br\/index.php\/wp-json\/wp\/v2\/types\/product"}],"replies":[{"embeddable":true,"href":"https:\/\/vohnabrindes.com.br\/index.php\/wp-json\/wp\/v2\/comments?post=4178"}],"version-history":[{"count":1,"href":"https:\/\/vohnabrindes.com.br\/index.php\/wp-json\/wp\/v2\/product\/4178\/revisions"}],"predecessor-version":[{"id":4208,"href":"https:\/\/vohnabrindes.com.br\/index.php\/wp-json\/wp\/v2\/product\/4178\/revisions\/4208"}],"wp:featuredmedia":[{"embeddable":true,"href":"https:\/\/vohnabrindes.com.br\/index.php\/wp-json\/wp\/v2\/media\/862"}],"wp:attachment":[{"href":"https:\/\/vohnabrindes.com.br\/index.php\/wp-json\/wp\/v2\/media?parent=4178"}],"wp:term":[{"taxonomy":"product_cat","embeddable":true,"href":"https:\/\/vohnabrindes.com.br\/index.php\/wp-json\/wp\/v2\/product_cat?post=4178"},{"taxonomy":"product_tag","embeddable":true,"href":"https:\/\/vohnabrindes.com.br\/index.php\/wp-json\/wp\/v2\/product_tag?post=4178"}],"curies":[{"name":"wp","href":"https:\/\/api.w.org\/{rel}","templated":true}]}}