{"id":4179,"date":"2025-05-30T21:38:34","date_gmt":"2025-05-31T00:38:34","guid":{"rendered":"https:\/\/vohnabrindes.com.br\/?post_type=product&#038;p=4179"},"modified":"2025-05-30T21:38:36","modified_gmt":"2025-05-31T00:38:36","slug":"mochila-para-notebook-15-6-personalizada-3","status":"publish","type":"product","link":"https:\/\/vohnabrindes.com.br\/index.php\/product\/mochila-para-notebook-15-6-personalizada-3\/","title":{"rendered":"Mochila para notebook 15.6&#8221; personalizada."},"content":{"rendered":"<div class=\"ref\">92668-GRAPHS BPACK.<\/div>\n<div class=\"ref\">Mochila para notebook 15.6&#8221;<\/div>\n<div class=\"texto\">Mochila para notebook em 600D de alta densidade. Compartimento com divis\u00f3ria almofadada para computador at\u00e9 15.6&#8221;. Interior forrado e almofadado. A mochila tem 2 bolsos frontais com parte posterior e al\u00e7as almofadadas. dimens\u00f5es: 295 x 390 x 100 mm<\/div>\n","protected":false},"excerpt":{"rendered":"<p>92668-GRAPHS BPACK. Mochila para notebook 15.6&#8221; Mochila para notebook em 600D de alta densidade. Compartimento com divis\u00f3ria almofadada para computador at\u00e9 15.6&#8221;. Interior forrado e almofadado.<span class=\"excerpt-hellip\"> [\u2026]<\/span><\/p>\n","protected":false},"featured_media":864,"comment_status":"open","ping_status":"closed","template":"","meta":[],"product_cat":[171],"product_tag":[292,180,301],"class_list":["post-4179","product","type-product","status-publish","has-post-thumbnail","hentry","product_cat-mochilas-e-malas","product_tag-mochila-com-logo","product_tag-mochila-executiva","product_tag-mochila-para-notebook-15-6-personalizada"],"_links":{"self":[{"href":"https:\/\/vohnabrindes.com.br\/index.php\/wp-json\/wp\/v2\/product\/4179","targetHints":{"allow":["GET"]}}],"collection":[{"href":"https:\/\/vohnabrindes.com.br\/index.php\/wp-json\/wp\/v2\/product"}],"about":[{"href":"https:\/\/vohnabrindes.com.br\/index.php\/wp-json\/wp\/v2\/types\/product"}],"replies":[{"embeddable":true,"href":"https:\/\/vohnabrindes.com.br\/index.php\/wp-json\/wp\/v2\/comments?post=4179"}],"version-history":[{"count":1,"href":"https:\/\/vohnabrindes.com.br\/index.php\/wp-json\/wp\/v2\/product\/4179\/revisions"}],"predecessor-version":[{"id":4209,"href":"https:\/\/vohnabrindes.com.br\/index.php\/wp-json\/wp\/v2\/product\/4179\/revisions\/4209"}],"wp:featuredmedia":[{"embeddable":true,"href":"https:\/\/vohnabrindes.com.br\/index.php\/wp-json\/wp\/v2\/media\/864"}],"wp:attachment":[{"href":"https:\/\/vohnabrindes.com.br\/index.php\/wp-json\/wp\/v2\/media?parent=4179"}],"wp:term":[{"taxonomy":"product_cat","embeddable":true,"href":"https:\/\/vohnabrindes.com.br\/index.php\/wp-json\/wp\/v2\/product_cat?post=4179"},{"taxonomy":"product_tag","embeddable":true,"href":"https:\/\/vohnabrindes.com.br\/index.php\/wp-json\/wp\/v2\/product_tag?post=4179"}],"curies":[{"name":"wp","href":"https:\/\/api.w.org\/{rel}","templated":true}]}}