{"id":4182,"date":"2025-05-30T21:38:34","date_gmt":"2025-05-31T00:38:34","guid":{"rendered":"https:\/\/vohnabrindes.com.br\/?post_type=product&#038;p=4182"},"modified":"2025-05-30T21:38:36","modified_gmt":"2025-05-31T00:38:36","slug":"mochila-premium-personalizada-2","status":"publish","type":"product","link":"https:\/\/vohnabrindes.com.br\/index.php\/product\/mochila-premium-personalizada-2\/","title":{"rendered":"Mochila Premium personalizada."},"content":{"rendered":"<pre class=\"mb-3\">MC570<\/pre>\n<div class=\"d-block\">\n<div>\n<p>Mochila Premium para\u00a0notebook em tecido poli\u00e9ster.<\/p>\n<p>Parte Externa:<br \/>\nAl\u00e7a de m\u00e3o com cabo de a\u00e7o e pegador emborrachado.<br \/>\nBolso frontal, dois bolsos laterais.<br \/>\nSa\u00edda para fone de ouvido e USB.<br \/>\nForro de costas acolchoado.<br \/>\nEngate para peitoral, ideal para corridas ou caminhadas com a mochila.<\/p>\n<p>Parte Interna:<br \/>\nCompartimento acolchoado p\/ notebook.<br \/>\nCompartimento acolchoado p\/ tablet.<br \/>\nDivis\u00f3rias internas<\/p>\n<div class=\"d-flex justify-content-between align-items-center\">\n<div class=\"text-end w-50\"><strong>Dimens\u00e3o do produto:<\/strong>55x35x25cm<\/div>\n<\/div>\n<div class=\"d-flex justify-content-between align-items-center\">\n<div class=\"text-end w-50\"><strong>Peso do produto:<\/strong>1,588kg<\/div>\n<\/div>\n<\/div>\n<\/div>\n","protected":false},"excerpt":{"rendered":"<p>MC570 Mochila Premium para\u00a0notebook em tecido poli\u00e9ster. Parte Externa: Al\u00e7a de m\u00e3o com cabo de a\u00e7o e pegador emborrachado. Bolso frontal, dois bolsos laterais. Sa\u00edda para<span class=\"excerpt-hellip\"> [\u2026]<\/span><\/p>\n","protected":false},"featured_media":878,"comment_status":"open","ping_status":"closed","template":"","meta":[],"product_cat":[171],"product_tag":[292,303,181,304],"class_list":["post-4182","product","type-product","status-publish","has-post-thumbnail","hentry","product_cat-mochilas-e-malas","product_tag-mochila-com-logo","product_tag-mochila-luxo","product_tag-mochila-personalizada","product_tag-mochila-premium-personalizada"],"_links":{"self":[{"href":"https:\/\/vohnabrindes.com.br\/index.php\/wp-json\/wp\/v2\/product\/4182","targetHints":{"allow":["GET"]}}],"collection":[{"href":"https:\/\/vohnabrindes.com.br\/index.php\/wp-json\/wp\/v2\/product"}],"about":[{"href":"https:\/\/vohnabrindes.com.br\/index.php\/wp-json\/wp\/v2\/types\/product"}],"replies":[{"embeddable":true,"href":"https:\/\/vohnabrindes.com.br\/index.php\/wp-json\/wp\/v2\/comments?post=4182"}],"version-history":[{"count":1,"href":"https:\/\/vohnabrindes.com.br\/index.php\/wp-json\/wp\/v2\/product\/4182\/revisions"}],"predecessor-version":[{"id":4212,"href":"https:\/\/vohnabrindes.com.br\/index.php\/wp-json\/wp\/v2\/product\/4182\/revisions\/4212"}],"wp:featuredmedia":[{"embeddable":true,"href":"https:\/\/vohnabrindes.com.br\/index.php\/wp-json\/wp\/v2\/media\/878"}],"wp:attachment":[{"href":"https:\/\/vohnabrindes.com.br\/index.php\/wp-json\/wp\/v2\/media?parent=4182"}],"wp:term":[{"taxonomy":"product_cat","embeddable":true,"href":"https:\/\/vohnabrindes.com.br\/index.php\/wp-json\/wp\/v2\/product_cat?post=4182"},{"taxonomy":"product_tag","embeddable":true,"href":"https:\/\/vohnabrindes.com.br\/index.php\/wp-json\/wp\/v2\/product_tag?post=4182"}],"curies":[{"name":"wp","href":"https:\/\/api.w.org\/{rel}","templated":true}]}}