{"id":4185,"date":"2025-05-30T21:38:34","date_gmt":"2025-05-31T00:38:34","guid":{"rendered":"https:\/\/vohnabrindes.com.br\/?post_type=product&#038;p=4185"},"modified":"2025-05-30T21:38:36","modified_gmt":"2025-05-31T00:38:36","slug":"mochila-pasta-personalizada-luxo","status":"publish","type":"product","link":"https:\/\/vohnabrindes.com.br\/index.php\/product\/mochila-pasta-personalizada-luxo\/","title":{"rendered":"Mochila Pasta personalizada luxo."},"content":{"rendered":"<pre class=\"mb-3\">MC430<\/pre>\n<div class=\"d-block\">\n<div>\n<p>Mochila e Pasta para notebook em tecido poli\u00e9ster.<\/p>\n<p>Parte externa:<br \/>\nConector USB na lateral;<br \/>\nAl\u00e7a de m\u00e3o e ombro acolchoadas;<br \/>\nBolso para guardar a al\u00e7a de ombro;<br \/>\nEngate para mala de viagem.<br \/>\nParte interna:<br \/>\nCompartimento para notebook.<br \/>\nTamanho total do Notebook &#8211; 15.6&#8243;<\/p>\n<div class=\"d-flex justify-content-between align-items-center\">\n<div class=\"text-end w-50\"><strong>Dimens\u00e3o do Produto:<\/strong>41x31x11cm<\/div>\n<\/div>\n<div class=\"d-flex justify-content-between align-items-center\">\n<div class=\"text-end w-50\"><strong>Peso do Produto:<\/strong>0,950kg<\/div>\n<\/div>\n<\/div>\n<\/div>\n","protected":false},"excerpt":{"rendered":"<p>MC430 Mochila e Pasta para notebook em tecido poli\u00e9ster. Parte externa: Conector USB na lateral; Al\u00e7a de m\u00e3o e ombro acolchoadas; Bolso para guardar a al\u00e7a<span class=\"excerpt-hellip\"> [\u2026]<\/span><\/p>\n","protected":false},"featured_media":884,"comment_status":"open","ping_status":"closed","template":"","meta":[],"product_cat":[171],"product_tag":[292,308,181,309],"class_list":["post-4185","product","type-product","status-publish","has-post-thumbnail","hentry","product_cat-mochilas-e-malas","product_tag-mochila-com-logo","product_tag-mochila-pasta","product_tag-mochila-personalizada","product_tag-mochila-porta-notebook"],"_links":{"self":[{"href":"https:\/\/vohnabrindes.com.br\/index.php\/wp-json\/wp\/v2\/product\/4185","targetHints":{"allow":["GET"]}}],"collection":[{"href":"https:\/\/vohnabrindes.com.br\/index.php\/wp-json\/wp\/v2\/product"}],"about":[{"href":"https:\/\/vohnabrindes.com.br\/index.php\/wp-json\/wp\/v2\/types\/product"}],"replies":[{"embeddable":true,"href":"https:\/\/vohnabrindes.com.br\/index.php\/wp-json\/wp\/v2\/comments?post=4185"}],"version-history":[{"count":1,"href":"https:\/\/vohnabrindes.com.br\/index.php\/wp-json\/wp\/v2\/product\/4185\/revisions"}],"predecessor-version":[{"id":4215,"href":"https:\/\/vohnabrindes.com.br\/index.php\/wp-json\/wp\/v2\/product\/4185\/revisions\/4215"}],"wp:featuredmedia":[{"embeddable":true,"href":"https:\/\/vohnabrindes.com.br\/index.php\/wp-json\/wp\/v2\/media\/884"}],"wp:attachment":[{"href":"https:\/\/vohnabrindes.com.br\/index.php\/wp-json\/wp\/v2\/media?parent=4185"}],"wp:term":[{"taxonomy":"product_cat","embeddable":true,"href":"https:\/\/vohnabrindes.com.br\/index.php\/wp-json\/wp\/v2\/product_cat?post=4185"},{"taxonomy":"product_tag","embeddable":true,"href":"https:\/\/vohnabrindes.com.br\/index.php\/wp-json\/wp\/v2\/product_tag?post=4185"}],"curies":[{"name":"wp","href":"https:\/\/api.w.org\/{rel}","templated":true}]}}