{"id":4222,"date":"2025-05-30T21:38:37","date_gmt":"2025-05-31T00:38:37","guid":{"rendered":"https:\/\/vohnabrindes.com.br\/?post_type=product&#038;p=4222"},"modified":"2025-05-30T21:38:38","modified_gmt":"2025-05-31T00:38:38","slug":"mochila-para-notebook-personalizada-3","status":"publish","type":"product","link":"https:\/\/vohnabrindes.com.br\/index.php\/product\/mochila-para-notebook-personalizada-3\/","title":{"rendered":"Mochila para Notebook personalizada."},"content":{"rendered":"<pre class=\"mb-3\">MC295<\/pre>\n<div class=\"d-block\">\n<div>\n<p>Mochila para notebook em tecido poli\u00e9ster.<\/p>\n<p>Parte externa:<br \/>\nBolso frontal com z\u00edper;<br \/>\nAl\u00e7a de m\u00e3o e ombro;<br \/>\nZ\u00edper protegido.<\/p>\n<p>Parte interna:<br \/>\nCompartimento para Notebook,<br \/>\nTamanho total do Notebook &#8211; 15.6&#8243;<\/p>\n<div class=\"d-flex justify-content-between align-items-center\">\n<div class=\"text-end w-50\"><strong>Dimens\u00e3o do produto:<\/strong>38x30x18<\/div>\n<\/div>\n<div class=\"d-flex justify-content-between align-items-center\">\n<div class=\"text-end w-50\"><strong>Peso do produto:<\/strong>0.385kg<\/div>\n<\/div>\n<\/div>\n<\/div>\n","protected":false},"excerpt":{"rendered":"<p>MC295 Mochila para notebook em tecido poli\u00e9ster. Parte externa: Bolso frontal com z\u00edper; Al\u00e7a de m\u00e3o e ombro; Z\u00edper protegido. Parte interna: Compartimento para Notebook, Tamanho<span class=\"excerpt-hellip\"> [\u2026]<\/span><\/p>\n","protected":false},"featured_media":904,"comment_status":"open","ping_status":"closed","template":"","meta":[],"product_cat":[171],"product_tag":[292,317,180,181],"class_list":["post-4222","product","type-product","status-publish","has-post-thumbnail","hentry","product_cat-mochilas-e-malas","product_tag-mochila-com-logo","product_tag-mochila-com-porta-notebook","product_tag-mochila-executiva","product_tag-mochila-personalizada"],"_links":{"self":[{"href":"https:\/\/vohnabrindes.com.br\/index.php\/wp-json\/wp\/v2\/product\/4222","targetHints":{"allow":["GET"]}}],"collection":[{"href":"https:\/\/vohnabrindes.com.br\/index.php\/wp-json\/wp\/v2\/product"}],"about":[{"href":"https:\/\/vohnabrindes.com.br\/index.php\/wp-json\/wp\/v2\/types\/product"}],"replies":[{"embeddable":true,"href":"https:\/\/vohnabrindes.com.br\/index.php\/wp-json\/wp\/v2\/comments?post=4222"}],"version-history":[{"count":1,"href":"https:\/\/vohnabrindes.com.br\/index.php\/wp-json\/wp\/v2\/product\/4222\/revisions"}],"predecessor-version":[{"id":4252,"href":"https:\/\/vohnabrindes.com.br\/index.php\/wp-json\/wp\/v2\/product\/4222\/revisions\/4252"}],"wp:featuredmedia":[{"embeddable":true,"href":"https:\/\/vohnabrindes.com.br\/index.php\/wp-json\/wp\/v2\/media\/904"}],"wp:attachment":[{"href":"https:\/\/vohnabrindes.com.br\/index.php\/wp-json\/wp\/v2\/media?parent=4222"}],"wp:term":[{"taxonomy":"product_cat","embeddable":true,"href":"https:\/\/vohnabrindes.com.br\/index.php\/wp-json\/wp\/v2\/product_cat?post=4222"},{"taxonomy":"product_tag","embeddable":true,"href":"https:\/\/vohnabrindes.com.br\/index.php\/wp-json\/wp\/v2\/product_tag?post=4222"}],"curies":[{"name":"wp","href":"https:\/\/api.w.org\/{rel}","templated":true}]}}