{"id":4225,"date":"2025-05-30T21:38:37","date_gmt":"2025-05-31T00:38:37","guid":{"rendered":"https:\/\/vohnabrindes.com.br\/?post_type=product&#038;p=4225"},"modified":"2025-05-30T21:38:39","modified_gmt":"2025-05-31T00:38:39","slug":"mochila-para-notebook-luxo-personalizada","status":"publish","type":"product","link":"https:\/\/vohnabrindes.com.br\/index.php\/product\/mochila-para-notebook-luxo-personalizada\/","title":{"rendered":"Mochila para Notebook luxo personalizada."},"content":{"rendered":"<pre class=\"mb-3\">MC340<\/pre>\n<div class=\"d-block\">\n<div>\n<p>Mochila para\u00a0notebook em tecido poli\u00e9ster.<br \/>\nParte externa:<br \/>\nFechamento por cadeado com senha;<br \/>\nAl\u00e7a de m\u00e3o em metal;<br \/>\nAl\u00e7a de ombro acolchoada;<br \/>\n2 bolsos frontais;<br \/>\n2 bolsos laterais;<br \/>\nMini bolso na al\u00e7a de ombro;<br \/>\nConector USB na lateral;<br \/>\nSa\u00edda para fones de ouvido na lateral.<\/p>\n<p>Parte interna:<br \/>\nCompartimento para notebook de 30x27cm,<br \/>\nTamanho total do Notebook &#8211; 15,6&#8243;<\/p>\n<div class=\"d-flex justify-content-between align-items-center\">\n<div class=\"text-end w-50\"><strong>Dimens\u00e3o do Produto:<\/strong>13x29x43cm<\/div>\n<\/div>\n<div class=\"d-flex justify-content-between align-items-center\">\n<div class=\"text-end w-50\"><strong>Peso do Produto:<\/strong>0,533kg<\/div>\n<\/div>\n<\/div>\n<\/div>\n","protected":false},"excerpt":{"rendered":"<p>MC340 Mochila para\u00a0notebook em tecido poli\u00e9ster. Parte externa: Fechamento por cadeado com senha; Al\u00e7a de m\u00e3o em metal; Al\u00e7a de ombro acolchoada; 2 bolsos frontais; 2<span class=\"excerpt-hellip\"> [\u2026]<\/span><\/p>\n","protected":false},"featured_media":918,"comment_status":"open","ping_status":"closed","template":"","meta":[],"product_cat":[171],"product_tag":[183,292,319,304],"class_list":["post-4225","product","type-product","status-publish","has-post-thumbnail","hentry","product_cat-mochilas-e-malas","product_tag-mochila","product_tag-mochila-com-logo","product_tag-mochila-para-notebook","product_tag-mochila-premium-personalizada"],"_links":{"self":[{"href":"https:\/\/vohnabrindes.com.br\/index.php\/wp-json\/wp\/v2\/product\/4225","targetHints":{"allow":["GET"]}}],"collection":[{"href":"https:\/\/vohnabrindes.com.br\/index.php\/wp-json\/wp\/v2\/product"}],"about":[{"href":"https:\/\/vohnabrindes.com.br\/index.php\/wp-json\/wp\/v2\/types\/product"}],"replies":[{"embeddable":true,"href":"https:\/\/vohnabrindes.com.br\/index.php\/wp-json\/wp\/v2\/comments?post=4225"}],"version-history":[{"count":1,"href":"https:\/\/vohnabrindes.com.br\/index.php\/wp-json\/wp\/v2\/product\/4225\/revisions"}],"predecessor-version":[{"id":4255,"href":"https:\/\/vohnabrindes.com.br\/index.php\/wp-json\/wp\/v2\/product\/4225\/revisions\/4255"}],"wp:featuredmedia":[{"embeddable":true,"href":"https:\/\/vohnabrindes.com.br\/index.php\/wp-json\/wp\/v2\/media\/918"}],"wp:attachment":[{"href":"https:\/\/vohnabrindes.com.br\/index.php\/wp-json\/wp\/v2\/media?parent=4225"}],"wp:term":[{"taxonomy":"product_cat","embeddable":true,"href":"https:\/\/vohnabrindes.com.br\/index.php\/wp-json\/wp\/v2\/product_cat?post=4225"},{"taxonomy":"product_tag","embeddable":true,"href":"https:\/\/vohnabrindes.com.br\/index.php\/wp-json\/wp\/v2\/product_tag?post=4225"}],"curies":[{"name":"wp","href":"https:\/\/api.w.org\/{rel}","templated":true}]}}