{"id":4226,"date":"2025-05-30T21:38:37","date_gmt":"2025-05-31T00:38:37","guid":{"rendered":"https:\/\/vohnabrindes.com.br\/?post_type=product&#038;p=4226"},"modified":"2025-05-30T21:38:39","modified_gmt":"2025-05-31T00:38:39","slug":"mochila-para-notebook-personalizada-5","status":"publish","type":"product","link":"https:\/\/vohnabrindes.com.br\/index.php\/product\/mochila-para-notebook-personalizada-5\/","title":{"rendered":"Mochila para Notebook personalizada."},"content":{"rendered":"<pre class=\"mb-3\">MC330<\/pre>\n<div class=\"d-block\">\n<div>\n<p>Mochila para\u00a0notebook em tecido poli\u00e9ster.<\/p>\n<p>Parte externa:<br \/>\nBolsos frontal com ziper;<br \/>\nAl\u00e7a de ombro acolchoada;<br \/>\nAl\u00e7a de m\u00e3o.<br \/>\nParte interna:<br \/>\nCompartimento acolchoado p\/ notebook de 30&#215;28.<br \/>\nTamanho total do Notebook &#8211; 15,6&#8243;<\/p>\n<\/div>\n<\/div>\n","protected":false},"excerpt":{"rendered":"<p>MC330 Mochila para\u00a0notebook em tecido poli\u00e9ster. Parte externa: Bolsos frontal com ziper; Al\u00e7a de ombro acolchoada; Al\u00e7a de m\u00e3o. Parte interna: Compartimento acolchoado p\/ notebook de<span class=\"excerpt-hellip\"> [\u2026]<\/span><\/p>\n","protected":false},"featured_media":920,"comment_status":"open","ping_status":"closed","template":"","meta":[],"product_cat":[171],"product_tag":[292,180,319],"class_list":["post-4226","product","type-product","status-publish","has-post-thumbnail","hentry","product_cat-mochilas-e-malas","product_tag-mochila-com-logo","product_tag-mochila-executiva","product_tag-mochila-para-notebook"],"_links":{"self":[{"href":"https:\/\/vohnabrindes.com.br\/index.php\/wp-json\/wp\/v2\/product\/4226","targetHints":{"allow":["GET"]}}],"collection":[{"href":"https:\/\/vohnabrindes.com.br\/index.php\/wp-json\/wp\/v2\/product"}],"about":[{"href":"https:\/\/vohnabrindes.com.br\/index.php\/wp-json\/wp\/v2\/types\/product"}],"replies":[{"embeddable":true,"href":"https:\/\/vohnabrindes.com.br\/index.php\/wp-json\/wp\/v2\/comments?post=4226"}],"version-history":[{"count":1,"href":"https:\/\/vohnabrindes.com.br\/index.php\/wp-json\/wp\/v2\/product\/4226\/revisions"}],"predecessor-version":[{"id":4256,"href":"https:\/\/vohnabrindes.com.br\/index.php\/wp-json\/wp\/v2\/product\/4226\/revisions\/4256"}],"wp:featuredmedia":[{"embeddable":true,"href":"https:\/\/vohnabrindes.com.br\/index.php\/wp-json\/wp\/v2\/media\/920"}],"wp:attachment":[{"href":"https:\/\/vohnabrindes.com.br\/index.php\/wp-json\/wp\/v2\/media?parent=4226"}],"wp:term":[{"taxonomy":"product_cat","embeddable":true,"href":"https:\/\/vohnabrindes.com.br\/index.php\/wp-json\/wp\/v2\/product_cat?post=4226"},{"taxonomy":"product_tag","embeddable":true,"href":"https:\/\/vohnabrindes.com.br\/index.php\/wp-json\/wp\/v2\/product_tag?post=4226"}],"curies":[{"name":"wp","href":"https:\/\/api.w.org\/{rel}","templated":true}]}}